{"id":97,"date":"2025-10-28T08:28:02","date_gmt":"2025-10-28T08:28:02","guid":{"rendered":"https:\/\/dr-sabine-volland.de\/praxis\/?post_type=product&#038;p=97"},"modified":"2025-10-28T08:28:02","modified_gmt":"2025-10-28T08:28:02","slug":"avenaglp","status":"publish","type":"product","link":"https:\/\/dr-sabine-volland.de\/praxis\/product\/avenaglp\/","title":{"rendered":"AvenaGLP"},"content":{"rendered":"<h2 data-start=\"842\" data-end=\"867\"><strong data-start=\"846\" data-end=\"867\">AvenaGLP\u00a0<\/strong><strong>Erfahrungen<\/strong><\/h2>\n<p data-start=\"347\" data-end=\"835\">Viele Menschen k\u00e4mpfen t\u00e4glich mit ihrem Gewicht. St\u00e4ndiger Hunger, langsamer Stoffwechsel und wenig Energie machen es schwer, dauerhaft abzunehmen. Genau hier setzt <strong data-start=\"513\" data-end=\"525\">AvenaGLP<\/strong> an \u2013 ein Nahrungserg\u00e4nzungsmittel in Kapselform, das helfen soll, Gewicht auf nat\u00fcrliche Weise zu reduzieren, ohne strenge Di\u00e4ten oder \u00fcberm\u00e4\u00dfigen Sport.<\/p>\n<p data-start=\"347\" data-end=\"835\">AvenaGLP nutzt die Kraft ausgew\u00e4hlter Pflanzenstoffe, um den Stoffwechsel anzukurbeln, den Appetit zu regulieren und die Fettverbrennung zu unterst\u00fctzen.<\/p>\n<blockquote><p><a href=\"https:\/\/dr-sabine-volland.de\/praxis\/go\/AvenaGLP\"><strong>Sichern Sie sich heute 80 % Rabatt auf AvenaGLP!<\/strong><\/a><\/p><\/blockquote>\n<hr data-start=\"837\" data-end=\"840\" \/>\n<h3 data-start=\"842\" data-end=\"867\"><strong data-start=\"846\" data-end=\"867\">Was ist AvenaGLP?<\/strong><\/h3>\n<p data-start=\"868\" data-end=\"1262\"><strong data-start=\"868\" data-end=\"880\">AvenaGLP<\/strong> ist eine moderne Formel aus nat\u00fcrlichen Pflanzenextrakten, Vitaminen und Mineralstoffen. Sie wurde entwickelt, um den K\u00f6rper bei der Fettverbrennung zu unterst\u00fctzen und gleichzeitig das Hungergef\u00fchl zu kontrollieren.<br data-start=\"1097\" data-end=\"1100\" \/>Das Produkt richtet sich an alle, die ihr Gewicht regulieren, ihren Energiehaushalt verbessern und auf gesunde Weise abnehmen m\u00f6chten \u2013 ganz ohne radikale Di\u00e4ten.<\/p>\n<p data-start=\"1264\" data-end=\"1573\">Die Wirkung basiert auf einer Kombination aus bew\u00e4hrten Inhaltsstoffen wie gr\u00fcnem Tee, Apfelessig, Zimt, Resveratrol, Ingwer, Bitterorange, Cayennepfeffer, Banaba-Blattextrakt und Ginseng. Zusammen sorgen sie daf\u00fcr, dass der K\u00f6rper mehr Energie verbraucht, Fettreserven abbaut und weniger Hei\u00dfhunger versp\u00fcrt.<\/p>\n<blockquote><p><a href=\"https:\/\/dr-sabine-volland.de\/praxis\/go\/AvenaGLP\"><strong>Sichern Sie sich heute 80 % Rabatt auf AvenaGLP!<\/strong><\/a><\/p><\/blockquote>\n<hr data-start=\"1575\" data-end=\"1578\" \/>\n<h3 data-start=\"1580\" data-end=\"1618\"><strong data-start=\"1584\" data-end=\"1618\">F\u00fcr wen ist AvenaGLP geeignet?<\/strong><\/h3>\n<p data-start=\"1619\" data-end=\"1658\">AvenaGLP ist ideal f\u00fcr Erwachsene, die:<\/p>\n<ul data-start=\"1660\" data-end=\"1859\">\n<li data-start=\"1660\" data-end=\"1702\">\n<p data-start=\"1662\" data-end=\"1702\">auf nat\u00fcrliche Weise abnehmen m\u00f6chten,<\/p>\n<\/li>\n<li data-start=\"1703\" data-end=\"1761\">\n<p data-start=\"1705\" data-end=\"1761\">Schwierigkeiten haben, ihren Appetit zu kontrollieren,<\/p>\n<\/li>\n<li data-start=\"1762\" data-end=\"1803\">\n<p data-start=\"1764\" data-end=\"1803\">ihren Stoffwechsel aktivieren wollen,<\/p>\n<\/li>\n<li data-start=\"1804\" data-end=\"1859\">\n<p data-start=\"1806\" data-end=\"1859\">oder sich beim Abnehmen m\u00fcde und energielos f\u00fchlen.<\/p>\n<\/li>\n<\/ul>\n<p data-start=\"1861\" data-end=\"2140\">Auch Menschen, die schon viele Di\u00e4ten ausprobiert haben, aber keine dauerhaften Ergebnisse erzielten, berichten von positiven Erfahrungen mit AvenaGLP.<br data-start=\"2012\" data-end=\"2015\" \/>Die Kapseln sind leicht einzunehmen und k\u00f6nnen problemlos in den Alltag integriert werden \u2013 zu Hause, im B\u00fcro oder unterwegs.<\/p>\n<blockquote><p><a href=\"https:\/\/dr-sabine-volland.de\/praxis\/go\/AvenaGLP\"><strong>Sichern Sie sich heute 80 % Rabatt auf AvenaGLP!<\/strong><\/a><\/p><\/blockquote>\n<hr data-start=\"2142\" data-end=\"2145\" \/>\n<h3 data-start=\"2147\" data-end=\"2181\"><strong data-start=\"2151\" data-end=\"2181\">Wirkung und Funktionsweise<\/strong><\/h3>\n<p data-start=\"2182\" data-end=\"2240\">Die Wirkung von AvenaGLP basiert auf mehreren Mechanismen:<\/p>\n<ol data-start=\"2242\" data-end=\"3064\">\n<li data-start=\"2242\" data-end=\"2484\">\n<p data-start=\"2245\" data-end=\"2484\"><strong data-start=\"2245\" data-end=\"2278\">Aktivierung des Stoffwechsels<\/strong> \u2013 Inhaltsstoffe wie Cayennepfeffer, gr\u00fcner Tee und Bitterorange regen die Thermogenese an, also die W\u00e4rmeproduktion im K\u00f6rper. Dadurch steigt der Energieverbrauch, und Fettreserven werden besser genutzt.<\/p>\n<\/li>\n<li data-start=\"2485\" data-end=\"2666\">\n<p data-start=\"2488\" data-end=\"2666\"><strong data-start=\"2488\" data-end=\"2508\">Appetitkontrolle<\/strong> \u2013 Apfelessig und Zimt helfen, den Blutzuckerspiegel zu stabilisieren. Das f\u00fchrt zu weniger Hei\u00dfhungerattacken und einer besseren S\u00e4ttigung nach Mahlzeiten.<\/p>\n<\/li>\n<li data-start=\"2667\" data-end=\"2811\">\n<p data-start=\"2670\" data-end=\"2811\"><strong data-start=\"2670\" data-end=\"2697\">Fettverbrennung f\u00f6rdern<\/strong> \u2013 Resveratrol und Ginseng unterst\u00fctzen den Fettstoffwechsel und verbessern die Energiegewinnung aus Fettzellen.<\/p>\n<\/li>\n<li data-start=\"2812\" data-end=\"2933\">\n<p data-start=\"2815\" data-end=\"2933\"><strong data-start=\"2815\" data-end=\"2845\">Verdauung und Wohlbefinden<\/strong> \u2013 Ingwer wirkt verdauungsf\u00f6rdernd und hilft, Bl\u00e4hungen oder V\u00f6llegef\u00fchl zu vermeiden.<\/p>\n<\/li>\n<li data-start=\"2934\" data-end=\"3064\">\n<p data-start=\"2937\" data-end=\"3064\"><strong data-start=\"2937\" data-end=\"2963\">Mehr Energie im Alltag<\/strong> \u2013 Durch den besseren Stoffwechsel f\u00fchlen sich viele Nutzer wacher, leistungsf\u00e4higer und motivierter.<\/p>\n<\/li>\n<\/ol>\n<p data-start=\"3066\" data-end=\"3182\">Die Kombination dieser Effekte sorgt daf\u00fcr, dass AvenaGLP auf sanfte, aber wirksame Weise beim Abnehmen unterst\u00fctzt.<\/p>\n<blockquote><p><a href=\"https:\/\/dr-sabine-volland.de\/praxis\/go\/AvenaGLP\"><strong>Sichern Sie sich heute 80 % Rabatt auf AvenaGLP!<\/strong><\/a><\/p><\/blockquote>\n<hr data-start=\"3184\" data-end=\"3187\" \/>\n<h3 data-start=\"3189\" data-end=\"3228\"><strong data-start=\"3193\" data-end=\"3228\">Hauptinhaltsstoffe von AvenaGLP<\/strong><\/h3>\n<div class=\"_tableContainer_1rjym_1\">\n<div class=\"group _tableWrapper_1rjym_13 flex w-fit flex-col-reverse\" tabindex=\"-1\">\n<table class=\"w-fit min-w-(--thread-content-width)\" data-start=\"3230\" data-end=\"4114\">\n<thead data-start=\"3230\" data-end=\"3274\">\n<tr data-start=\"3230\" data-end=\"3274\">\n<th data-start=\"3230\" data-end=\"3249\" data-col-size=\"sm\"><strong data-start=\"3232\" data-end=\"3248\">Inhaltsstoff<\/strong><\/th>\n<th data-start=\"3249\" data-end=\"3274\" data-col-size=\"md\"><strong data-start=\"3251\" data-end=\"3272\">Wirkung im K\u00f6rper<\/strong><\/th>\n<\/tr>\n<\/thead>\n<tbody data-start=\"3322\" data-end=\"4114\">\n<tr data-start=\"3322\" data-end=\"3414\">\n<td data-start=\"3322\" data-end=\"3347\" data-col-size=\"sm\"><strong data-start=\"3324\" data-end=\"3346\">Gr\u00fcner Tee Extrakt<\/strong><\/td>\n<td data-col-size=\"md\" data-start=\"3347\" data-end=\"3414\">F\u00f6rdert die Fettverbrennung und steigert den Kalorienverbrauch.<\/td>\n<\/tr>\n<tr data-start=\"3415\" data-end=\"3497\">\n<td data-start=\"3415\" data-end=\"3432\" data-col-size=\"sm\"><strong data-start=\"3417\" data-end=\"3431\">Apfelessig<\/strong><\/td>\n<td data-col-size=\"md\" data-start=\"3432\" data-end=\"3497\">Reguliert den Appetit und unterst\u00fctzt eine gesunde Verdauung.<\/td>\n<\/tr>\n<tr data-start=\"3498\" data-end=\"3583\">\n<td data-start=\"3498\" data-end=\"3523\" data-col-size=\"sm\"><strong data-start=\"3500\" data-end=\"3522\">Zimtrinden-Extrakt<\/strong><\/td>\n<td data-col-size=\"md\" data-start=\"3523\" data-end=\"3583\">Stabilisiert den Blutzuckerspiegel und senkt Hei\u00dfhunger.<\/td>\n<\/tr>\n<tr data-start=\"3584\" data-end=\"3676\">\n<td data-start=\"3584\" data-end=\"3602\" data-col-size=\"sm\"><strong data-start=\"3586\" data-end=\"3601\">Resveratrol<\/strong><\/td>\n<td data-col-size=\"md\" data-start=\"3602\" data-end=\"3676\">Unterst\u00fctzt den Stoffwechsel und sch\u00fctzt Zellen vor oxidativem Stress.<\/td>\n<\/tr>\n<tr data-start=\"3677\" data-end=\"3766\">\n<td data-start=\"3677\" data-end=\"3696\" data-col-size=\"sm\"><strong data-start=\"3679\" data-end=\"3695\">Ingwerwurzel<\/strong><\/td>\n<td data-col-size=\"md\" data-start=\"3696\" data-end=\"3766\">F\u00f6rdert die Verdauung und st\u00e4rkt die k\u00f6rpereigene W\u00e4rmeproduktion.<\/td>\n<\/tr>\n<tr data-start=\"3767\" data-end=\"3855\">\n<td data-start=\"3767\" data-end=\"3795\" data-col-size=\"sm\"><strong data-start=\"3769\" data-end=\"3794\">Bitterorangen-Extrakt<\/strong><\/td>\n<td data-col-size=\"md\" data-start=\"3795\" data-end=\"3855\">Erh\u00f6ht die Energie und f\u00f6rdert den Abbau von Fettdepots.<\/td>\n<\/tr>\n<tr data-start=\"3856\" data-end=\"3934\">\n<td data-start=\"3856\" data-end=\"3877\" data-col-size=\"sm\"><strong data-start=\"3858\" data-end=\"3876\">Cayennepfeffer<\/strong><\/td>\n<td data-col-size=\"md\" data-start=\"3877\" data-end=\"3934\">Aktiviert den Stoffwechsel durch thermogene Prozesse.<\/td>\n<\/tr>\n<tr data-start=\"3935\" data-end=\"4030\">\n<td data-start=\"3935\" data-end=\"3961\" data-col-size=\"sm\"><strong data-start=\"3937\" data-end=\"3960\">Banaba-Blattextrakt<\/strong><\/td>\n<td data-col-size=\"md\" data-start=\"3961\" data-end=\"4030\">Tr\u00e4gt zur Blutzuckerregulation bei und reduziert Fettspeicherung.<\/td>\n<\/tr>\n<tr data-start=\"4031\" data-end=\"4114\">\n<td data-start=\"4031\" data-end=\"4058\" data-col-size=\"sm\"><strong data-start=\"4033\" data-end=\"4057\">Koreanischer Ginseng<\/strong><\/td>\n<td data-col-size=\"md\" data-start=\"4058\" data-end=\"4114\">Steigert Energie, Konzentration und Fettverbrennung.<\/td>\n<\/tr>\n<\/tbody>\n<\/table>\n<\/div>\n<\/div>\n<p data-start=\"4116\" data-end=\"4292\">Alle Inhaltsstoffe sind nat\u00fcrlichen Ursprungs und werden unter kontrollierten Bedingungen verarbeitet.<br data-start=\"4218\" data-end=\"4221\" \/>AvenaGLP ist frei von Gentechnik, k\u00fcnstlichen Zusatzstoffen und Gluten.<\/p>\n<blockquote><p><a href=\"https:\/\/dr-sabine-volland.de\/praxis\/go\/AvenaGLP\"><strong>Sichern Sie sich heute 80 % Rabatt auf AvenaGLP!<\/strong><\/a><\/p><\/blockquote>\n<hr data-start=\"4294\" data-end=\"4297\" \/>\n<h3 data-start=\"4299\" data-end=\"4328\"><strong data-start=\"4303\" data-end=\"4328\">Anwendung &amp; Dosierung<\/strong><\/h3>\n<p data-start=\"4329\" data-end=\"4401\">Die Einnahme ist einfach und l\u00e4sst sich gut in den Alltag integrieren.<\/p>\n<ul data-start=\"4402\" data-end=\"4644\">\n<li data-start=\"4402\" data-end=\"4445\">\n<p data-start=\"4404\" data-end=\"4445\"><strong data-start=\"4404\" data-end=\"4418\">Dosierung:<\/strong> 1 bis 2 Kapseln t\u00e4glich.<\/p>\n<\/li>\n<li data-start=\"4446\" data-end=\"4527\">\n<p data-start=\"4448\" data-end=\"4527\"><strong data-start=\"4448\" data-end=\"4462\">Zeitpunkt:<\/strong> Am besten vor einer Mahlzeit mit ausreichend Wasser einnehmen.<\/p>\n<\/li>\n<li data-start=\"4528\" data-end=\"4644\">\n<p data-start=\"4530\" data-end=\"4644\"><strong data-start=\"4530\" data-end=\"4549\">Regelm\u00e4\u00dfigkeit:<\/strong> F\u00fcr optimale Ergebnisse ist eine t\u00e4gliche, konsequente Einnahme \u00fcber mehrere Wochen wichtig.<\/p>\n<\/li>\n<\/ul>\n<p data-start=\"4646\" data-end=\"4789\">Viele Anwender berichten, dass sich erste positive Effekte \u2013 wie weniger Appetit und mehr Energie \u2013 schon nach 2 bis 4 Wochen bemerkbar machen.<\/p>\n<blockquote><p><a href=\"https:\/\/dr-sabine-volland.de\/praxis\/go\/AvenaGLP\"><strong>Sichern Sie sich heute 80 % Rabatt auf AvenaGLP!<\/strong><\/a><\/p><\/blockquote>\n<hr data-start=\"4791\" data-end=\"4794\" \/>\n<h3 data-start=\"4796\" data-end=\"4841\"><strong data-start=\"4800\" data-end=\"4841\">Nebenwirkungen und Vorsichtsma\u00dfnahmen<\/strong><\/h3>\n<p data-start=\"4842\" data-end=\"5110\">AvenaGLP wird in der Regel sehr gut vertragen. Da die Kapseln auf nat\u00fcrlichen Inhaltsstoffen basieren, sind Nebenwirkungen selten.<br data-start=\"4972\" data-end=\"4975\" \/>Gelegentlich k\u00f6nnen leichte Magenbeschwerden, ein warmes Gef\u00fchl im K\u00f6rper oder kurzfristige Unruhe auftreten \u2013 meist nur vor\u00fcbergehend.<\/p>\n<p data-start=\"5112\" data-end=\"5136\"><strong data-start=\"5112\" data-end=\"5136\">Nicht empfohlen f\u00fcr:<\/strong><\/p>\n<ul data-start=\"5137\" data-end=\"5292\">\n<li data-start=\"5137\" data-end=\"5174\">\n<p data-start=\"5139\" data-end=\"5174\">Schwangere oder stillende Frauen,<\/p>\n<\/li>\n<li data-start=\"5175\" data-end=\"5239\">\n<p data-start=\"5177\" data-end=\"5239\">Personen mit Herz-Kreislauf-Erkrankungen oder Bluthochdruck,<\/p>\n<\/li>\n<li data-start=\"5240\" data-end=\"5292\">\n<p data-start=\"5242\" data-end=\"5292\">Personen, die empfindlich auf Koffein reagieren.<\/p>\n<\/li>\n<\/ul>\n<p data-start=\"5294\" data-end=\"5428\">Bei bestehenden gesundheitlichen Problemen oder gleichzeitiger Einnahme anderer Medikamente sollte vorher ein Arzt konsultiert werden.<\/p>\n<blockquote><p><a href=\"https:\/\/dr-sabine-volland.de\/praxis\/go\/AvenaGLP\"><strong>Sichern Sie sich heute 80 % Rabatt auf AvenaGLP!<\/strong><\/a><\/p><\/blockquote>\n<hr data-start=\"5430\" data-end=\"5433\" \/>\n<h3 data-start=\"5435\" data-end=\"5469\"><strong data-start=\"5439\" data-end=\"5469\">Ergebnisse und Erfahrungen<\/strong><\/h3>\n<p data-start=\"5470\" data-end=\"5541\">Viele Nutzer berichten von positiven Ver\u00e4nderungen nach einigen Wochen:<\/p>\n<blockquote data-start=\"5543\" data-end=\"5699\">\n<p data-start=\"5545\" data-end=\"5699\">\u201eIch hatte jahrelang Probleme mit meinem Gewicht. Mit AvenaGLP habe ich endlich weniger Hei\u00dfhunger und f\u00fchle mich energiegeladen.\u201c \u2013 <em data-start=\"5678\" data-end=\"5699\">Sabine K., 39 Jahre<\/em><\/p>\n<\/blockquote>\n<blockquote data-start=\"5701\" data-end=\"5825\">\n<p data-start=\"5703\" data-end=\"5825\">\u201eIch nehme die Kapseln seit zwei Monaten und habe bereits 4 Kilo abgenommen \u2013 ohne strenge Di\u00e4t.\u201c \u2013 <em data-start=\"5803\" data-end=\"5825\">Michael T., 45 Jahre<\/em><\/p>\n<\/blockquote>\n<blockquote data-start=\"5827\" data-end=\"5939\">\n<p data-start=\"5829\" data-end=\"5939\">\u201eWas mir gef\u00e4llt: Ich esse weniger, f\u00fchle mich satt und habe keine Lust auf S\u00fc\u00dfes mehr.\u201c \u2013 <em data-start=\"5920\" data-end=\"5939\">Anja L., 33 Jahre<\/em><\/p>\n<\/blockquote>\n<p data-start=\"5941\" data-end=\"6172\">In Erfahrungsberichten werden vor allem die nat\u00fcrliche Wirkung, die gute Vertr\u00e4glichkeit und der Energieschub im Alltag hervorgehoben.<br data-start=\"6075\" data-end=\"6078\" \/>Viele sagen, dass sie sich wohler und aktiver f\u00fchlen und der Abnehmprozess endlich Spa\u00df macht.<\/p>\n<blockquote><p><a href=\"https:\/\/dr-sabine-volland.de\/praxis\/go\/AvenaGLP\"><strong>Sichern Sie sich heute 80 % Rabatt auf AvenaGLP!<\/strong><\/a><\/p><\/blockquote>\n<hr data-start=\"6174\" data-end=\"6177\" \/>\n<h3 data-start=\"6179\" data-end=\"6217\"><strong data-start=\"6183\" data-end=\"6217\">Wissenschaftlicher Hintergrund<\/strong><\/h3>\n<p data-start=\"6218\" data-end=\"6384\">Die Formel von AvenaGLP st\u00fctzt sich auf aktuelle ern\u00e4hrungswissenschaftliche Erkenntnisse. Studien zeigen, dass die enthaltenen Pflanzenstoffe synergistisch wirken:<\/p>\n<ul data-start=\"6385\" data-end=\"6622\">\n<li data-start=\"6385\" data-end=\"6466\">\n<p data-start=\"6387\" data-end=\"6466\">Gr\u00fcner Tee und Cayennepfeffer erh\u00f6hen die Fettverbrennung durch Thermogenese.<\/p>\n<\/li>\n<li data-start=\"6467\" data-end=\"6539\">\n<p data-start=\"6469\" data-end=\"6539\">Zimt und Banaba-Bl\u00e4tter helfen, den Insulinspiegel stabil zu halten.<\/p>\n<\/li>\n<li data-start=\"6540\" data-end=\"6622\">\n<p data-start=\"6542\" data-end=\"6622\">Resveratrol unterst\u00fctzt die Zellgesundheit und beugt Stoffwechseltr\u00e4gheit vor.<\/p>\n<\/li>\n<\/ul>\n<p data-start=\"6624\" data-end=\"6757\">Dadurch entsteht ein ganzheitlicher Ansatz, der nicht nur kurzfristig Gewicht reduziert, sondern langfristig den Stoffwechsel st\u00e4rkt.<\/p>\n<blockquote><p><a href=\"https:\/\/dr-sabine-volland.de\/praxis\/go\/AvenaGLP\"><strong>Sichern Sie sich heute 80 % Rabatt auf AvenaGLP!<\/strong><\/a><\/p><\/blockquote>\n<hr data-start=\"6759\" data-end=\"6762\" \/>\n<h3 data-start=\"6764\" data-end=\"6800\"><strong data-start=\"6768\" data-end=\"6800\">Aufbewahrung und Haltbarkeit<\/strong><\/h3>\n<p data-start=\"6801\" data-end=\"7002\">AvenaGLP sollte an einem k\u00fchlen, trockenen Ort aufbewahrt werden \u2013 fern von direkter Sonneneinstrahlung.<br data-start=\"6905\" data-end=\"6908\" \/>Das Produkt ist mehrere Monate haltbar.<br data-start=\"6947\" data-end=\"6950\" \/>Kinder sollten keinen Zugriff auf die Kapseln haben.<\/p>\n<hr data-start=\"7004\" data-end=\"7007\" \/>\n<h3 data-start=\"7009\" data-end=\"7042\"><strong data-start=\"7013\" data-end=\"7042\">Versand und Verf\u00fcgbarkeit<\/strong><\/h3>\n<p data-start=\"7043\" data-end=\"7292\">AvenaGLP wird innerhalb der EU geliefert, meist innerhalb von 3 bis 7 Werktagen.<br data-start=\"7123\" data-end=\"7126\" \/>Die Versandkosten werden beim Bestellvorgang klar angezeigt.<br data-start=\"7186\" data-end=\"7189\" \/>Das Produkt ist <strong data-start=\"7205\" data-end=\"7251\">ausschlie\u00dflich \u00fcber die offizielle Website<\/strong> erh\u00e4ltlich, um F\u00e4lschungen zu vermeiden.<\/p>\n<blockquote><p><a href=\"https:\/\/dr-sabine-volland.de\/praxis\/go\/AvenaGLP\"><strong>Sichern Sie sich heute 80 % Rabatt auf AvenaGLP!<\/strong><\/a><\/p><\/blockquote>\n<hr data-start=\"7294\" data-end=\"7297\" \/>\n<h3 data-start=\"7299\" data-end=\"7336\"><strong data-start=\"7303\" data-end=\"7336\">H\u00e4ufig gestellte Fragen (FAQ)<\/strong><\/h3>\n<p data-start=\"7338\" data-end=\"7513\"><strong data-start=\"7338\" data-end=\"7372\">1. Wie schnell wirkt AvenaGLP?<\/strong><br data-start=\"7372\" data-end=\"7375\" \/>Erste Effekte wie weniger Hunger und mehr Energie zeigen sich oft nach 2\u20134 Wochen. Die besten Ergebnisse werden nach 2\u20133 Monaten erreicht.<\/p>\n<p data-start=\"7515\" data-end=\"7652\"><strong data-start=\"7515\" data-end=\"7560\">2. Muss ich Sport treiben, um abzunehmen?<\/strong><br data-start=\"7560\" data-end=\"7563\" \/>AvenaGLP unterst\u00fctzt auch ohne Sport, aber Bewegung beschleunigt die Ergebnisse deutlich.<\/p>\n<p data-start=\"7654\" data-end=\"7811\"><strong data-start=\"7654\" data-end=\"7704\">3. Kann ich die Kapseln langfristig einnehmen?<\/strong><br data-start=\"7704\" data-end=\"7707\" \/>Ja, AvenaGLP ist f\u00fcr eine langfristige Anwendung geeignet, da es auf nat\u00fcrlichen Inhaltsstoffen basiert.<\/p>\n<p data-start=\"7813\" data-end=\"7924\"><strong data-start=\"7813\" data-end=\"7843\">4. Gibt es Nebenwirkungen?<\/strong><br data-start=\"7843\" data-end=\"7846\" \/>Nur selten treten leichte Beschwerden wie Magenreizungen oder W\u00e4rmegef\u00fchl auf.<\/p>\n<p data-start=\"7926\" data-end=\"8052\"><strong data-start=\"7926\" data-end=\"7961\">5. Wo kann ich AvenaGLP kaufen?<\/strong><br data-start=\"7961\" data-end=\"7964\" \/>Nur \u00fcber die offizielle Website \u2013 so erh\u00e4lt man Originalqualit\u00e4t und Garantieleistungen.<\/p>\n<blockquote><p><a href=\"https:\/\/dr-sabine-volland.de\/praxis\/go\/AvenaGLP\"><strong>Sichern Sie sich heute 80 % Rabatt auf AvenaGLP!<\/strong><\/a><\/p><\/blockquote>\n<hr data-start=\"8054\" data-end=\"8057\" \/>\n<h3 data-start=\"8059\" data-end=\"8099\"><strong data-start=\"8063\" data-end=\"8099\">Fazit \u2013 Warum AvenaGLP \u00fcberzeugt<\/strong><\/h3>\n<p data-start=\"8100\" data-end=\"8444\">AvenaGLP ist eine durchdachte, nat\u00fcrliche Formel f\u00fcr alle, die gesund und nachhaltig abnehmen m\u00f6chten.<br data-start=\"8202\" data-end=\"8205\" \/>Die Kombination aus pflanzlichen Extrakten unterst\u00fctzt den K\u00f6rper auf mehreren Ebenen: Fettverbrennung, Appetitkontrolle und Energieproduktion.<br data-start=\"8348\" data-end=\"8351\" \/>Die Kapseln sind leicht einzunehmen, gut vertr\u00e4glich und f\u00fcr den t\u00e4glichen Gebrauch geeignet.<\/p>\n<p data-start=\"8446\" data-end=\"8649\">Wer ein nat\u00fcrliches, wissenschaftlich fundiertes Mittel sucht, um das Gewicht langfristig zu regulieren, findet in <strong data-start=\"8561\" data-end=\"8573\">AvenaGLP<\/strong> eine zuverl\u00e4ssige Unterst\u00fctzung \u2013 ganz ohne Crash-Di\u00e4ten oder Hungerphasen.<\/p>\n<blockquote><p><a href=\"https:\/\/dr-sabine-volland.de\/praxis\/go\/AvenaGLP\"><strong>Sichern Sie sich heute 80 % Rabatt auf AvenaGLP!<\/strong><\/a><\/p><\/blockquote>\n","protected":false},"excerpt":{"rendered":"<p>AvenaGLP\u00a0Erfahrungen Viele Menschen k\u00e4mpfen t\u00e4glich mit ihrem Gewicht. St\u00e4ndiger Hunger, langsamer Stoffwechsel und wenig Energie machen es schwer, dauerhaft abzunehmen. Genau hier setzt AvenaGLP an \u2013 ein Nahrungserg\u00e4nzungsmittel in Kapselform, das helfen soll, Gewicht auf nat\u00fcrliche Weise zu reduzieren, ohne strenge Di\u00e4ten oder \u00fcberm\u00e4\u00dfigen Sport. AvenaGLP nutzt die Kraft ausgew\u00e4hlter Pflanzenstoffe, um den Stoffwechsel anzukurbeln, &#8230; <a title=\"AvenaGLP\" class=\"read-more\" href=\"https:\/\/dr-sabine-volland.de\/praxis\/product\/avenaglp\/\" aria-label=\"Mehr Informationen \u00fcber AvenaGLP\">Weiterlesen<\/a><\/p>\n","protected":false},"featured_media":98,"comment_status":"open","ping_status":"closed","template":"","meta":[],"product_brand":[],"product_cat":[16],"product_tag":[],"class_list":{"0":"post-97","1":"product","2":"type-product","3":"status-publish","4":"has-post-thumbnail","6":"product_cat-gewichtsverlust","8":"first","9":"instock","10":"sale","11":"shipping-taxable","12":"product-type-external"},"_links":{"self":[{"href":"https:\/\/dr-sabine-volland.de\/praxis\/wp-json\/wp\/v2\/product\/97","targetHints":{"allow":["GET"]}}],"collection":[{"href":"https:\/\/dr-sabine-volland.de\/praxis\/wp-json\/wp\/v2\/product"}],"about":[{"href":"https:\/\/dr-sabine-volland.de\/praxis\/wp-json\/wp\/v2\/types\/product"}],"replies":[{"embeddable":true,"href":"https:\/\/dr-sabine-volland.de\/praxis\/wp-json\/wp\/v2\/comments?post=97"}],"wp:featuredmedia":[{"embeddable":true,"href":"https:\/\/dr-sabine-volland.de\/praxis\/wp-json\/wp\/v2\/media\/98"}],"wp:attachment":[{"href":"https:\/\/dr-sabine-volland.de\/praxis\/wp-json\/wp\/v2\/media?parent=97"}],"wp:term":[{"taxonomy":"product_brand","embeddable":true,"href":"https:\/\/dr-sabine-volland.de\/praxis\/wp-json\/wp\/v2\/product_brand?post=97"},{"taxonomy":"product_cat","embeddable":true,"href":"https:\/\/dr-sabine-volland.de\/praxis\/wp-json\/wp\/v2\/product_cat?post=97"},{"taxonomy":"product_tag","embeddable":true,"href":"https:\/\/dr-sabine-volland.de\/praxis\/wp-json\/wp\/v2\/product_tag?post=97"}],"curies":[{"name":"wp","href":"https:\/\/api.w.org\/{rel}","templated":true}]}}