{"id":84,"date":"2025-09-11T09:50:50","date_gmt":"2025-09-11T09:50:50","guid":{"rendered":"https:\/\/dr-sabine-volland.de\/praxis\/?post_type=product&#038;p=84"},"modified":"2025-09-13T07:22:48","modified_gmt":"2025-09-13T07:22:48","slug":"glucavit","status":"publish","type":"product","link":"https:\/\/dr-sabine-volland.de\/praxis\/product\/glucavit\/","title":{"rendered":"Glucavit"},"content":{"rendered":"\r\n<h2 class=\"wp-block-heading\"><strong>Glucavit<\/strong> <strong>Bewertung<\/strong><\/h2>\r\n<p><img loading=\"lazy\" decoding=\"async\" class=\"alignnone size-medium wp-image-85 aligncenter\" src=\"https:\/\/dr-sabine-volland.de\/praxis\/wp-content\/uploads\/2025\/09\/Glucavit-Bewertung-300x224.webp\" alt=\"Glucavit Bewertung\" width=\"300\" height=\"224\" srcset=\"https:\/\/dr-sabine-volland.de\/praxis\/wp-content\/uploads\/2025\/09\/Glucavit-Bewertung-300x224.webp 300w, https:\/\/dr-sabine-volland.de\/praxis\/wp-content\/uploads\/2025\/09\/Glucavit-Bewertung.webp 314w\" sizes=\"auto, (max-width: 300px) 100vw, 300px\" \/><\/p>\r\n<p data-start=\"4835\" data-end=\"4936\">Immer mehr Menschen in Deutschland entdecken Glucavit f\u00fcr sich. Chemische L\u00f6sungen lehnen viele ab.<\/p>\r\n<p data-start=\"4938\" data-end=\"5012\">Glucavit bietet eine nat\u00fcrliche Unterst\u00fctzung f\u00fcr Gewicht und Verdauung.<\/p>\r\n<p data-start=\"5014\" data-end=\"5163\">Die veganen Kapseln helfen, Hei\u00dfhunger zu reduzieren, den Appetit zu kontrollieren und den K\u00f6rper ins Gleichgewicht zu bringen \u2013 ganz ohne Zus\u00e4tze.<\/p>\r\n<h2 class=\"wp-block-heading\"><strong>Glucavit Vorteile<\/strong><\/h2>\r\n<p data-start=\"3324\" data-end=\"3395\">Mit Glucavit f\u00e4llt es leichter, gesund zu bleiben. Die Vorteile sind:<\/p>\r\n<ul data-start=\"3397\" data-end=\"3653\">\r\n<li data-start=\"3397\" data-end=\"3444\">\r\n<p data-start=\"3399\" data-end=\"3444\"><strong data-start=\"3399\" data-end=\"3418\">Weniger Hunger:<\/strong> Appetit wird reguliert.<\/p>\r\n<\/li>\r\n<li data-start=\"3445\" data-end=\"3500\">\r\n<p data-start=\"3447\" data-end=\"3500\"><strong data-start=\"3447\" data-end=\"3466\">Sanft abnehmen:<\/strong> Hilft beim Erreichen des Ziels.<\/p>\r\n<\/li>\r\n<li data-start=\"3501\" data-end=\"3546\">\r\n<p data-start=\"3503\" data-end=\"3546\"><strong data-start=\"3503\" data-end=\"3525\">Gesunde Verdauung:<\/strong> Gut f\u00fcr den Bauch.<\/p>\r\n<\/li>\r\n<li data-start=\"3547\" data-end=\"3602\">\r\n<p data-start=\"3549\" data-end=\"3602\"><strong data-start=\"3549\" data-end=\"3564\">Mehr Kraft:<\/strong> Unterst\u00fctzt Energie und gute Laune.<\/p>\r\n<\/li>\r\n<li data-start=\"3603\" data-end=\"3653\">\r\n<p data-start=\"3605\" data-end=\"3653\"><strong data-start=\"3605\" data-end=\"3627\">Vegan &amp; nat\u00fcrlich:<\/strong> Ohne k\u00fcnstliche Stoffe.<\/p>\r\n<\/li>\r\n<\/ul>\r\n<blockquote class=\"wp-block-quote is-layout-flow wp-block-quote-is-layout-flow\">\r\n<p><strong><a href=\"https:\/\/dr-sabine-volland.de\/praxis\/go\/Glucavit\" data-type=\"link\" data-id=\"https:\/\/gesundheitsfuhrer.de\/go\/Glucavit\">\ud83d\udc49\u00a0RABATTE \u2013 75 % + kostenloser Versand f\u00fcr Glucavit\u2013 Begrenzte Zeit \u2013 JETZT KAUFEN!\u00a0\ud83d\udc48<\/a><\/strong><\/p>\r\n<\/blockquote>\r\n\r\n<h2 class=\"wp-block-heading\"><strong><\/strong><\/h2>\r\n<h2 class=\"wp-block-heading\"><strong>Was ist Glucavit?<\/strong><\/h2>\r\n<p data-start=\"7005\" data-end=\"7154\">Glucavit ist eine pflanzliche Unterst\u00fctzung f\u00fcr den Alltag. Die Kapseln helfen, den Stoffwechsel zu f\u00f6rdern und Hei\u00dfhunger besser zu kontrollieren.<\/p>\r\n<h3 data-start=\"7156\" data-end=\"7179\">Glucavit Vorteile<\/h3>\r\n<ul data-start=\"7180\" data-end=\"7351\">\r\n<li data-start=\"7180\" data-end=\"7195\">\r\n<p data-start=\"7182\" data-end=\"7195\">100 % vegan<\/p>\r\n<\/li>\r\n<li data-start=\"7196\" data-end=\"7246\">\r\n<p data-start=\"7198\" data-end=\"7246\">Hilft beim Gewichtsmanagement ohne Hungerkuren<\/p>\r\n<\/li>\r\n<li data-start=\"7247\" data-end=\"7284\">\r\n<p data-start=\"7249\" data-end=\"7284\">Verringert Appetit und Hei\u00dfhunger<\/p>\r\n<\/li>\r\n<li data-start=\"7285\" data-end=\"7315\">\r\n<p data-start=\"7287\" data-end=\"7315\">Gut f\u00fcr Verdauung und Darm<\/p>\r\n<\/li>\r\n<li data-start=\"7316\" data-end=\"7351\">\r\n<p data-start=\"7318\" data-end=\"7351\">Mit nat\u00fcrlichen Pflanzenstoffen<\/p>\r\n<\/li>\r\n<\/ul>\r\n<p data-start=\"7353\" data-end=\"7485\">Viele Anwender berichten, dass Glucavit ihnen geholfen hat, ihre gesunden Routinen beizubehalten und ihr Wohlbefinden zu steigern.<\/p>\r\n<p data-start=\"7353\" data-end=\"7485\"><strong><a href=\"https:\/\/dr-sabine-volland.de\/praxis\/go\/Glucavit\" data-type=\"link\" data-id=\"https:\/\/gesundheitsfuhrer.de\/go\/Glucavit\">\ud83d\udc49\u00a0RABATTE \u2013 75 % + kostenloser Versand f\u00fcr Glucavit\u2013 Begrenzte Zeit \u2013 JETZT KAUFEN!\u00a0\ud83d\udc48<\/a><\/strong><\/p>\r\n<h2 class=\"wp-block-heading\"><strong>Die kraftvollen Inhaltsstoffe von Glucavit Kapseln<\/strong><\/h2>\r\n<p data-start=\"1405\" data-end=\"1512\">Die Wirkung von Glucavit entsteht durch die Kombination von acht Pflanzen, die sich gegenseitig erg\u00e4nzen.<\/p>\r\n<ul data-start=\"1514\" data-end=\"2221\">\r\n<li data-start=\"1514\" data-end=\"1596\">\r\n<p data-start=\"1516\" data-end=\"1596\"><strong data-start=\"1516\" data-end=\"1528\">Ginseng:<\/strong> Hilft gegen Stress, st\u00e4rkt die Energie und verhindert Hei\u00dfhunger.<\/p>\r\n<\/li>\r\n<li data-start=\"1597\" data-end=\"1687\">\r\n<p data-start=\"1599\" data-end=\"1687\"><strong data-start=\"1599\" data-end=\"1611\">Gr\u00fcntee:<\/strong> Unterst\u00fctzt Thermogenese und f\u00f6rdert Fettverbrennung auch im Ruhezustand.<\/p>\r\n<\/li>\r\n<li data-start=\"1688\" data-end=\"1780\">\r\n<p data-start=\"1690\" data-end=\"1780\"><strong data-start=\"1690\" data-end=\"1701\">Ingwer:<\/strong> F\u00f6rdert eine gesunde Verdauung und wirkt positiv auf Blutzucker und Insulin.<\/p>\r\n<\/li>\r\n<li data-start=\"1781\" data-end=\"1887\">\r\n<p data-start=\"1783\" data-end=\"1887\"><strong data-start=\"1783\" data-end=\"1798\">Apfelessig:<\/strong> Verz\u00f6gert die Magenentleerung, sorgt f\u00fcr l\u00e4ngere S\u00e4ttigung und senkt Kalorienaufnahme.<\/p>\r\n<\/li>\r\n<li data-start=\"1888\" data-end=\"1967\">\r\n<p data-start=\"1890\" data-end=\"1967\"><strong data-start=\"1890\" data-end=\"1903\">Berberin:<\/strong> Reguliert den Zuckerstoffwechsel und hemmt Fetteinlagerungen.<\/p>\r\n<\/li>\r\n<li data-start=\"1968\" data-end=\"2060\">\r\n<p data-start=\"1970\" data-end=\"2060\"><strong data-start=\"1970\" data-end=\"1982\">Cayenne:<\/strong> Capsaicin kurbelt den Energieverbrauch an und erh\u00f6ht den Kalorienverbrauch.<\/p>\r\n<\/li>\r\n<li data-start=\"2061\" data-end=\"2141\">\r\n<p data-start=\"2063\" data-end=\"2141\"><strong data-start=\"2063\" data-end=\"2080\">Bitterorange:<\/strong> Wirkt als nat\u00fcrlicher Appetitz\u00fcgler und Fettabbau-Booster.<\/p>\r\n<\/li>\r\n<li data-start=\"2142\" data-end=\"2221\">\r\n<p data-start=\"2144\" data-end=\"2221\"><strong data-start=\"2144\" data-end=\"2153\">Zimt:<\/strong> F\u00f6rdert stabile Blutzuckerwerte und sch\u00fctzt vor Fettansammlungen.<\/p>\r\n<\/li>\r\n<\/ul>\r\n\r\n\r\n\r\n<h2 class=\"wp-block-heading\"><strong>Wie wirken Glucavit Kapseln?<\/strong><\/h2>\r\n<p data-start=\"7655\" data-end=\"7762\">Glucavit wirkt in drei Schritten: Blutzucker ausgleichen, Stoffwechsel beschleunigen und Fett verbrennen.<\/p>\r\n<p data-start=\"7764\" data-end=\"7828\">Zimt und Berberin halten die Werte stabil und mindern Gel\u00fcste.<\/p>\r\n<p data-start=\"7830\" data-end=\"7957\">Gr\u00fcntee-Extrakt und Cayenne f\u00f6rdern Thermogenese und erh\u00f6hen den Kalorienverbrauch \u2013 auch w\u00e4hrend der Arbeit am Schreibtisch.<\/p>\r\n<p data-start=\"7959\" data-end=\"8072\">Die Kapseln unterst\u00fctzen zus\u00e4tzlich, dass Fettreserven als Energiequelle dienen, \u00e4hnlich wie beim Keto-Prinzip.<\/p>\r\n<p data-start=\"8074\" data-end=\"8150\">Im Gegensatz zu radikalen Methoden wirkt Glucavit schonend und nachhaltig.<\/p>\r\n<h2 class=\"wp-block-heading\"><strong>Glucavit Anwendung und Dosierung<\/strong><\/h2>\r\n<p data-start=\"6200\" data-end=\"6277\">Zwei Kapseln Glucavit t\u00e4glich mit einer Mahlzeit und viel Wasser einnehmen.<\/p>\r\n<h3 data-start=\"6279\" data-end=\"6321\">Empfehlungen f\u00fcr optimale Ergebnisse<\/h3>\r\n<ul data-start=\"6322\" data-end=\"6446\">\r\n<li data-start=\"6322\" data-end=\"6355\">\r\n<p data-start=\"6324\" data-end=\"6355\">Ern\u00e4hren Sie sich ausgewogen.<\/p>\r\n<\/li>\r\n<li data-start=\"6356\" data-end=\"6396\">\r\n<p data-start=\"6358\" data-end=\"6396\">Trinken Sie 2\u20133 Liter Wasser am Tag.<\/p>\r\n<\/li>\r\n<li data-start=\"6397\" data-end=\"6446\">\r\n<p data-start=\"6399\" data-end=\"6446\">Machen Sie leichte Bewegung wie Spazierg\u00e4nge.<\/p>\r\n<\/li>\r\n<\/ul>\r\n<p data-start=\"6448\" data-end=\"6628\">Eine Kur von mindestens 8 Wochen wird empfohlen. Schwangere und Stillende sollten vorher den Arzt fragen. Nebenwirkungen sind in der Regel gering, meist leichte Magenbeschwerden.<\/p>\r\n<h2 class=\"wp-block-heading\"><strong>F\u00fcr wen ist Glucavit Metabolism Balance geeignet?<\/strong><\/h2>\r\n<p data-start=\"4401\" data-end=\"4709\">Glucavit ist geeignet f\u00fcr Menschen mit Energieeinbr\u00fcchen im Alltag.<br data-start=\"4468\" data-end=\"4471\" \/>Es unterst\u00fctzt Personen, die ihr Verlangen nach Snacks reduzieren m\u00f6chten.<br data-start=\"4545\" data-end=\"4548\" \/>Ideal ist es f\u00fcr alle, die Naturstoffe als Erg\u00e4nzung nutzen wollen.<br data-start=\"4615\" data-end=\"4618\" \/>Zudem ist es attraktiv f\u00fcr alle, die Wert auf ein gutes Preis-Leistungs-Verh\u00e4ltnis legen.<\/p>\r\n<p data-start=\"4401\" data-end=\"4709\"><\/p>\r\n<h2 class=\"wp-block-heading\"><strong>Glucavit Sicherheit und m\u00f6gliche Nebenwirkungen<\/strong><\/h2>\r\n<p data-start=\"5686\" data-end=\"5810\">Glucavit gilt als unbedenklich und sicher, wenn es richtig dosiert wird. Es sind keine ernsthaften Nebenwirkungen bekannt.<\/p>\r\n<p data-start=\"5812\" data-end=\"6037\">Schwangere, Stillende und Menschen unter medizinischer Behandlung sollten vor der Einnahme \u00e4rztlichen Rat einholen. Die empfohlene Dosierung betr\u00e4gt 1\u20132 Kapseln pro Tag. H\u00f6here Mengen k\u00f6nnten leichte Magenprobleme ausl\u00f6sen.<\/p>\r\n<h2 class=\"wp-block-heading\"><strong>Glucavit Erfahrungen und Kundenmeinungen<\/strong><\/h2>\r\n<p data-start=\"7354\" data-end=\"7474\">Die Bewertungen sind \u00fcberwiegend positiv. Besonders hervorgehoben werden Energie, Stoffwechsel und weniger Hei\u00dfhunger.<\/p>\r\n<p data-start=\"7476\" data-end=\"7610\">\u201eGlucavit hat meine Lebensqualit\u00e4t verbessert. Ich bin wacher und habe weniger Appetit.\u201c<br data-start=\"7564\" data-end=\"7567\" \/>\u2013 <strong data-start=\"7569\" data-end=\"7600\">Henning, 43 Jahre, W\u00fcrzburg<\/strong> \u2013 \u2b50\u2b50\u2b50\u2b50\u2b50<\/p>\r\n<p data-start=\"7612\" data-end=\"7755\">\u201eEin gutes Produkt, das den ganzen Tag Energie gibt. Die pflanzlichen Stoffe sind ein Pluspunkt.\u201c<br data-start=\"7709\" data-end=\"7712\" \/>\u2013 <strong data-start=\"7714\" data-end=\"7745\">Maja, 37 Jahre, Bremerhaven<\/strong> \u2013 \u2b50\u2b50\u2b50\u2b50\u2606<\/p>\r\n<p data-start=\"7757\" data-end=\"7869\">\u201eNach zwei Monaten f\u00fchle ich mich fitter und habe weniger M\u00fcdigkeit.\u201c<br data-start=\"7826\" data-end=\"7829\" \/>\u2013 <strong data-start=\"7831\" data-end=\"7859\">Sonja, 53 Jahre, Koblenz<\/strong> \u2013 \u2b50\u2b50\u2b50\u2b50\u2b50<\/p>\r\n<p data-start=\"7757\" data-end=\"7869\"><strong><a href=\"https:\/\/dr-sabine-volland.de\/praxis\/go\/Glucavit\" data-type=\"link\" data-id=\"https:\/\/gesundheitsfuhrer.de\/go\/Glucavit\">\ud83d\udc49\u00a0RABATTE \u2013 75 % + kostenloser Versand f\u00fcr Glucavit\u2013 Begrenzte Zeit \u2013 JETZT KAUFEN!\u00a0\ud83d\udc48<\/a><\/strong><\/p>\r\n<h2 class=\"wp-block-heading\"><strong>Wo kann man Glucavit kaufen?<\/strong><\/h2>\r\n<p data-start=\"4859\" data-end=\"4984\">Glucavit gibt es nur online. Sie k\u00f6nnen es entweder auf der <a href=\"https:\/\/dr-sabine-volland.de\/praxis\/go\/Glucavit\">Webseite des Herstellers <\/a>oder \u00fcber Apothekenplattformen kaufen.<\/p>\r\n<p data-start=\"4986\" data-end=\"5096\">Eine Monatskur kostet ca. <strong data-start=\"5012\" data-end=\"5023\">49,95 \u20ac<\/strong>. F\u00fcr drei Monate erhalten Sie ein Vorteilspaket f\u00fcr etwa <strong data-start=\"5081\" data-end=\"5093\">109,95 \u20ac<\/strong>.<\/p>\r\n<p data-start=\"5098\" data-end=\"5158\">So bekommen Sie das Originalprodukt zu einem fairen Preis.<\/p>\r\n<h2 class=\"wp-block-heading\"><strong>Glucavit Bewertung: Endg\u00fcltiges Urteil<\/strong><\/h2>\r\n<p data-start=\"7203\" data-end=\"7338\">Glucavit hat sich als wirksames Nahrungserg\u00e4nzungsmittel f\u00fcr Menschen mit <strong data-start=\"7277\" data-end=\"7327\">Blutzuckerproblemen oder chronischer M\u00fcdigkeit<\/strong> bew\u00e4hrt.<\/p>\r\n<p data-start=\"7340\" data-end=\"7477\">Die Rezeptur aus <strong data-start=\"7357\" data-end=\"7395\">11 N\u00e4hrstoffen und Pflanzenstoffen<\/strong> reguliert den Blutzucker, steigert die Energie und st\u00e4rkt Herz und Immunsystem.<\/p>\r\n<p data-start=\"7479\" data-end=\"7599\">Inhaltsstoffe wie <strong data-start=\"7497\" data-end=\"7542\">Chrom, Berberin, Knoblauch und Vitamin D3<\/strong> wirken zusammen, um den Stoffwechsel zu stabilisieren.<\/p>\r\n<p data-start=\"7601\" data-end=\"7708\">Glucavit ist <strong data-start=\"7614\" data-end=\"7635\">leicht anzuwenden<\/strong>, gut vertr\u00e4glich und auch f\u00fcr eine <strong data-start=\"7671\" data-end=\"7688\">lange Nutzung<\/strong> bestens geeignet.<\/p>\r\n<p data-start=\"7601\" data-end=\"7708\"><strong><a href=\"https:\/\/dr-sabine-volland.de\/praxis\/go\/Glucavit\" data-type=\"link\" data-id=\"https:\/\/gesundheitsfuhrer.de\/go\/Glucavit\">\ud83d\udc49\u00a0RABATTE \u2013 75 % + kostenloser Versand f\u00fcr Glucavit\u2013 Begrenzte Zeit \u2013 JETZT KAUFEN!\u00a0\ud83d\udc48<\/a><\/strong><\/p>\r\n<p data-start=\"7601\" data-end=\"7708\"><\/p>\r\n<h2 class=\"wp-block-heading\"><strong>Glucavit Bewertung: FAQs<\/strong><\/h2>\r\n<h3 data-start=\"3591\" data-end=\"3622\">Wer darf Glucavit nutzen?<\/h3>\r\n<p data-start=\"3623\" data-end=\"3816\">Glucavit richtet sich an Erwachsene mit <strong data-start=\"3663\" data-end=\"3721\">Pr\u00e4diabetes, Typ-2-Diabetes oder anhaltender M\u00fcdigkeit<\/strong>. Es eignet sich auch f\u00fcr Menschen, die ihre <strong data-start=\"3766\" data-end=\"3794\">Energie und Abwehrkr\u00e4fte<\/strong> verbessern m\u00f6chten.<\/p>\r\n<h3 data-start=\"3818\" data-end=\"3856\">Gibt es bekannte Nebenwirkungen?<\/h3>\r\n<p data-start=\"3857\" data-end=\"4002\">Nein, bei Einhaltung der Dosierung sind keine Nebenwirkungen bekannt. Nur bei \u00dcberdosierung k\u00f6nnen <strong data-start=\"3956\" data-end=\"3989\">leichte Verdauungsbeschwerden<\/strong> auftreten.<\/p>\r\n<h3 data-start=\"4004\" data-end=\"4039\">Wie wird Glucavit angewendet?<\/h3>\r\n<p data-start=\"4040\" data-end=\"4190\">Die empfohlene Dosierung liegt bei <strong data-start=\"4075\" data-end=\"4099\">1\u20132 Tabletten am Tag<\/strong>, vorzugsweise mit einer Mahlzeit. Empfehlenswert ist eine Anwendung \u00fcber <strong data-start=\"4173\" data-end=\"4187\">2\u20133 Monate<\/strong>.<\/p>\r\n<h3 data-start=\"4192\" data-end=\"4254\">Kann Glucavit zusammen mit Medikamenten genommen werden?<\/h3>\r\n<p data-start=\"4255\" data-end=\"4357\">Ja, das ist m\u00f6glich. Wer jedoch andere Medikamente einnimmt, sollte vorsichtshalber den Arzt fragen.<\/p>\r\n<h3 data-start=\"4359\" data-end=\"4407\">Wer sollte vorher \u00e4rztlichen Rat einholen?<\/h3>\r\n<p data-start=\"4408\" data-end=\"4544\"><strong data-start=\"4408\" data-end=\"4452\">Frauen in Schwangerschaft oder Stillzeit<\/strong> und <strong data-start=\"4457\" data-end=\"4497\">Menschen mit bestehenden Krankheiten<\/strong> sollten vor der Einnahme R\u00fccksprache halten.<\/p>\r\n<h3 data-start=\"4546\" data-end=\"4598\">Ist Glucavit ein Ersatz f\u00fcr gesunde Ern\u00e4hrung?<\/h3>\r\n<p data-start=\"4599\" data-end=\"4686\">Nein, es ist ein Erg\u00e4nzungsmittel und kein Ersatz f\u00fcr gesunde Ern\u00e4hrung und Bewegung.<\/p>\r\n<h3 data-start=\"4688\" data-end=\"4723\">Wie bewahrt man Glucavit auf?<\/h3>\r\n<p data-start=\"4724\" data-end=\"4809\">Am besten <strong data-start=\"4734\" data-end=\"4806\">bei Raumtemperatur, trocken und au\u00dferhalb der Reichweite von Kindern<\/strong>.<\/p>\r\n<h3 data-start=\"4811\" data-end=\"4846\">Was macht Glucavit besonders?<\/h3>\r\n<p data-start=\"4847\" data-end=\"4980\">Die einzigartige Mischung aus <strong data-start=\"4877\" data-end=\"4917\">11 N\u00e4hrstoffen und Pflanzenextrakten<\/strong> wirkt synergistisch auf Blutzucker, Energie und Immunsystem.<\/p>\r\n<h3 data-start=\"4982\" data-end=\"5017\">Gibt es Altersbeschr\u00e4nkungen?<\/h3>\r\n<p data-start=\"5018\" data-end=\"5078\">Ja, Glucavit ist nur f\u00fcr Erwachsene ab 18 Jahren geeignet.<\/p>\r\n<h3 data-start=\"5080\" data-end=\"5116\">Wie lange reicht eine Packung?<\/h3>\r\n<p data-start=\"5117\" data-end=\"5174\">Eine Packung reicht f\u00fcr <strong data-start=\"5141\" data-end=\"5152\">30 Tage<\/strong>, je nach Dosierung.<\/p>\r\n<p data-start=\"5117\" data-end=\"5174\"><strong><a href=\"https:\/\/dr-sabine-volland.de\/praxis\/go\/Glucavit\" data-type=\"link\" data-id=\"https:\/\/gesundheitsfuhrer.de\/go\/Glucavit\">\ud83d\udc49\u00a0RABATTE \u2013 75 % + kostenloser Versand f\u00fcr Glucavit\u2013 Begrenzte Zeit \u2013 JETZT KAUFEN!\u00a0\ud83d\udc48<\/a><\/strong><\/p>\r\n<p data-start=\"7601\" data-end=\"7708\"><\/p>\r\n<p data-start=\"5098\" data-end=\"5158\"><\/p>\r\n<p data-start=\"7757\" data-end=\"7869\"><\/p>\r\n<p data-start=\"5812\" data-end=\"6037\"><\/p>\r\n<p data-start=\"4401\" data-end=\"4709\"><\/p>\r\n<p data-start=\"6448\" data-end=\"6628\"><\/p>\r\n<p data-start=\"8074\" data-end=\"8150\"><\/p>\r\n\r\n<p data-start=\"5014\" data-end=\"5163\"><\/p>\r\n","protected":false},"excerpt":{"rendered":"","protected":false},"featured_media":85,"comment_status":"open","ping_status":"closed","template":"","meta":[],"product_brand":[],"product_cat":[16],"product_tag":[],"class_list":{"0":"post-84","1":"product","2":"type-product","3":"status-publish","4":"has-post-thumbnail","6":"product_cat-gewichtsverlust","8":"first","9":"instock","10":"sale","11":"shipping-taxable","12":"product-type-external"},"_links":{"self":[{"href":"https:\/\/dr-sabine-volland.de\/praxis\/wp-json\/wp\/v2\/product\/84","targetHints":{"allow":["GET"]}}],"collection":[{"href":"https:\/\/dr-sabine-volland.de\/praxis\/wp-json\/wp\/v2\/product"}],"about":[{"href":"https:\/\/dr-sabine-volland.de\/praxis\/wp-json\/wp\/v2\/types\/product"}],"replies":[{"embeddable":true,"href":"https:\/\/dr-sabine-volland.de\/praxis\/wp-json\/wp\/v2\/comments?post=84"}],"wp:featuredmedia":[{"embeddable":true,"href":"https:\/\/dr-sabine-volland.de\/praxis\/wp-json\/wp\/v2\/media\/85"}],"wp:attachment":[{"href":"https:\/\/dr-sabine-volland.de\/praxis\/wp-json\/wp\/v2\/media?parent=84"}],"wp:term":[{"taxonomy":"product_brand","embeddable":true,"href":"https:\/\/dr-sabine-volland.de\/praxis\/wp-json\/wp\/v2\/product_brand?post=84"},{"taxonomy":"product_cat","embeddable":true,"href":"https:\/\/dr-sabine-volland.de\/praxis\/wp-json\/wp\/v2\/product_cat?post=84"},{"taxonomy":"product_tag","embeddable":true,"href":"https:\/\/dr-sabine-volland.de\/praxis\/wp-json\/wp\/v2\/product_tag?post=84"}],"curies":[{"name":"wp","href":"https:\/\/api.w.org\/{rel}","templated":true}]}}