{"id":78,"date":"2025-08-19T05:23:11","date_gmt":"2025-08-19T05:23:11","guid":{"rendered":"https:\/\/dr-sabine-volland.de\/praxis\/?post_type=product&#038;p=78"},"modified":"2025-08-19T05:29:28","modified_gmt":"2025-08-19T05:29:28","slug":"purelief","status":"publish","type":"product","link":"https:\/\/dr-sabine-volland.de\/praxis\/product\/purelief\/","title":{"rendered":"Purelief Bewertung \u27a4 Betrug, Nebenwirkungen, funktioniert es?"},"content":{"rendered":"\r\n<h2 class=\"wp-block-heading\"><strong>Purelief Bewertung<img loading=\"lazy\" decoding=\"async\" class=\"size-full wp-image-79 aligncenter\" src=\"https:\/\/dr-sabine-volland.de\/praxis\/wp-content\/uploads\/2025\/08\/Purelief-Bewertung.webp\" alt=\"Purelief Bewertung\" width=\"274\" height=\"234\" \/><\/strong><\/h2>\r\n\r\n<p data-start=\"2374\" data-end=\"2753\">Viele suchen nach einem einfachen Weg, Gewicht zu verlieren. Der Purelief Clip verspricht eine L\u00f6sung: Abnehmen ohne viel Aufwand.<\/p>\r\n<p data-start=\"2374\" data-end=\"2753\">Es handelt sich um einen kleinen Akupressur-Clip, der Schmerzen lindern, Entspannung f\u00f6rdern und beim Abnehmen helfen soll.<\/p>\r\n<p data-start=\"2374\" data-end=\"2753\">Ob das Ger\u00e4t wirklich h\u00e4lt, was es verspricht, kl\u00e4ren wir, indem wir Wissenschaft, Marketing und Risiken genau pr\u00fcfen.<\/p>\r\n<p data-start=\"2374\" data-end=\"2753\"><a href=\"https:\/\/dr-sabine-volland.de\/praxis\/go\/purelief\"><strong>\ud83d\uded2 Bestelle Purelief hier &amp; spare satte 70 %!<\/strong><\/a><\/p>\r\n<h2 class=\"wp-block-heading\"><strong>Purelief Vorteile<\/strong><\/h2>\r\n<ul data-start=\"1884\" data-end=\"2203\">\r\n<li data-start=\"1884\" data-end=\"1954\">\r\n<p data-start=\"1886\" data-end=\"1954\"><strong data-start=\"1886\" data-end=\"1906\">Einfache Nutzung<\/strong> \u2013 F\u00fcr alle verst\u00e4ndlich, kein Know-how n\u00f6tig.<\/p>\r\n<\/li>\r\n<li data-start=\"1955\" data-end=\"2025\">\r\n<p data-start=\"1957\" data-end=\"2025\"><strong data-start=\"1957\" data-end=\"1973\">Umweltschutz<\/strong> \u2013 Aus umweltfreundlichen Materialien hergestellt.<\/p>\r\n<\/li>\r\n<li data-start=\"2026\" data-end=\"2083\">\r\n<p data-start=\"2028\" data-end=\"2083\"><strong data-start=\"2028\" data-end=\"2041\">Langlebig<\/strong> \u2013 Robust und f\u00fcr lange Nutzung gemacht.<\/p>\r\n<\/li>\r\n<li data-start=\"2084\" data-end=\"2138\">\r\n<p data-start=\"2086\" data-end=\"2138\"><strong data-start=\"2086\" data-end=\"2107\">Besondere Technik<\/strong> \u2013 Neue Ideen f\u00fcr den Alltag.<\/p>\r\n<\/li>\r\n<li data-start=\"2139\" data-end=\"2203\">\r\n<p data-start=\"2141\" data-end=\"2203\"><strong data-start=\"2141\" data-end=\"2163\">Sicherheitskonform<\/strong> \u2013 Sch\u00fctzt zuverl\u00e4ssig nach Standards.<\/p>\r\n<\/li>\r\n<\/ul>\r\n<p><a href=\"https:\/\/dr-sabine-volland.de\/praxis\/go\/purelief\"><strong>\ud83d\uded2 Bestelle Purelief hier &amp; spare satte 70 %!<\/strong><\/a><\/p>\r\n\r\n<h2 class=\"wp-block-heading\"><strong>Purelief Kunden Erfahrungen<\/strong><\/h2>\r\n<p data-start=\"2507\" data-end=\"2661\">Das Produkt wird h\u00e4ufig gelobt. Nutzer sch\u00e4tzen die einfache Nutzung und die positive Wirkung auf K\u00f6rper und Geist.<\/p>\r\n<p data-start=\"2663\" data-end=\"2678\">Kundenzitate:<\/p>\r\n<ol data-start=\"2679\" data-end=\"2836\">\r\n<li data-start=\"2679\" data-end=\"2733\">\r\n<p data-start=\"2682\" data-end=\"2733\">\u201eMit Purelief f\u00fchle ich mich endlich wieder fit.\u201c<\/p>\r\n<\/li>\r\n<li data-start=\"2734\" data-end=\"2796\">\r\n<p data-start=\"2737\" data-end=\"2796\">\u201eDie Wirkung ist erstaunlich \u2013 nach kurzer Zeit sp\u00fcrbar.\u201c<\/p>\r\n<\/li>\r\n<li data-start=\"2797\" data-end=\"2836\">\r\n<p data-start=\"2800\" data-end=\"2836\">\u201eUnkompliziert und sehr effektiv.\u201c<\/p>\r\n<\/li>\r\n<\/ol>\r\n<p data-start=\"2838\" data-end=\"2890\">Dies verdeutlicht die hohe Akzeptanz des Produkts.<\/p>\r\n<h2 class=\"wp-block-heading\"><strong>Wie funktioniert Purelief?<\/strong><\/h2>\r\n<p data-start=\"2553\" data-end=\"2726\">Der Purelief Clip wirkt durch <strong data-start=\"2583\" data-end=\"2602\">gezielten Druck<\/strong> auf bestimmte Ohrpunkte. Diese Punkte stehen in der traditionellen Medizin mit K\u00f6rperprozessen und Organen in Verbindung.<\/p>\r\n<p data-start=\"2728\" data-end=\"2762\">Durch diesen Reiz kann Purelief:<\/p>\r\n<ul data-start=\"2763\" data-end=\"2894\">\r\n<li data-start=\"2763\" data-end=\"2792\">\r\n<p data-start=\"2765\" data-end=\"2792\">die Durchblutung f\u00f6rdern,<\/p>\r\n<\/li>\r\n<li data-start=\"2793\" data-end=\"2825\">\r\n<p data-start=\"2795\" data-end=\"2825\">f\u00fcr mehr Entspannung sorgen,<\/p>\r\n<\/li>\r\n<li data-start=\"2826\" data-end=\"2871\">\r\n<p data-start=\"2828\" data-end=\"2871\">Appetit und Energiehaushalt beeinflussen,<\/p>\r\n<\/li>\r\n<li data-start=\"2872\" data-end=\"2894\">\r\n<p data-start=\"2874\" data-end=\"2894\">Schmerzen lindern.<\/p>\r\n<\/li>\r\n<\/ul>\r\n<p data-start=\"2896\" data-end=\"2964\">Alles geschieht auf nat\u00fcrliche Weise, ohne technische Hilfsmittel.<\/p>\r\n<p data-start=\"2896\" data-end=\"2964\"><a href=\"https:\/\/dr-sabine-volland.de\/praxis\/go\/purelief\"><strong>\ud83d\uded2 Bestelle Purelief hier &amp; spare satte 70 %!<\/strong><\/a><\/p>\r\n<h2 class=\"wp-block-heading\"><strong>Purelief Test<\/strong><\/h2>\r\n<ul data-start=\"3125\" data-end=\"3477\">\r\n<li data-start=\"3125\" data-end=\"3202\">\r\n<p data-start=\"3127\" data-end=\"3202\"><strong data-start=\"3127\" data-end=\"3139\">Woche 1:<\/strong> Ich f\u00fchle mich aktiver und wohler, die Nutzung ist angenehm.<\/p>\r\n<\/li>\r\n<li data-start=\"3203\" data-end=\"3301\">\r\n<p data-start=\"3205\" data-end=\"3301\"><strong data-start=\"3205\" data-end=\"3217\">Woche 2:<\/strong> Mehr Konzentration, weniger Stress. Purelief passt perfekt in meinen Tagesablauf.<\/p>\r\n<\/li>\r\n<li data-start=\"3302\" data-end=\"3379\">\r\n<p data-start=\"3304\" data-end=\"3379\"><strong data-start=\"3304\" data-end=\"3316\">Woche 3:<\/strong> Ein zus\u00e4tzlicher Effekt ist die sch\u00f6nere Haut. Sehr positiv.<\/p>\r\n<\/li>\r\n<li data-start=\"3380\" data-end=\"3477\">\r\n<p data-start=\"3382\" data-end=\"3477\"><strong data-start=\"3382\" data-end=\"3394\">Woche 4:<\/strong> Nach vier Wochen bin ich \u00fcberzeugt: Purelief steigert mein Wohlbefinden sp\u00fcrbar.<\/p>\r\n<\/li>\r\n<\/ul>\r\n\r\n<h2 class=\"wp-block-heading\"><strong>Wo kann ich Purelief kaufen?<\/strong><\/h2>\r\n<p data-start=\"1626\" data-end=\"1842\">Wenn man Purelief kaufen m\u00f6chte, geht das nur \u00fcber den <strong data-start=\"1681\" data-end=\"1695\">Hersteller<\/strong>. Gro\u00dfe H\u00e4ndler wie Amazon oder dm f\u00fchren es nicht. Die Exklusivit\u00e4t erm\u00f6glicht eine direkte Betreuung der Kunden und h\u00f6chste Qualit\u00e4tsstandards.<\/p>\r\n<p data-start=\"1626\" data-end=\"1842\"><a href=\"https:\/\/dr-sabine-volland.de\/praxis\/go\/purelief\"><strong>\ud83d\uded2 Bestelle Purelief hier &amp; spare satte 70 %!<\/strong><\/a><\/p>\r\n<h2 class=\"wp-block-heading\"><strong>Purelief Bewertung: Endg\u00fcltiges Urteil<\/strong><\/h2>\r\n<p data-start=\"1698\" data-end=\"1988\">Das Produkt Purelief bietet Qualit\u00e4t, Wirksamkeit und einfache Nutzung. Seine nat\u00fcrlichen Inhaltsstoffe und die schnelle Wirkung machen es besonders beliebt. Kunden loben die zuverl\u00e4ssige Hilfe. Damit ist Purelief eine empfehlenswerte L\u00f6sung f\u00fcr alle, die etwas Vertrauensw\u00fcrdiges suchen.<\/p>\r\n<h2 class=\"wp-block-heading\"><strong>Purelief Bewertung: FAQs<\/strong><\/h2>\r\n<p data-start=\"4391\" data-end=\"4484\"><strong data-start=\"4391\" data-end=\"4426\">1. Ist Purelief ein Medikament?<\/strong><br data-start=\"4426\" data-end=\"4429\" \/>Nein, es ist ein nat\u00fcrliches Hilfsmittel ohne Chemie.<\/p>\r\n<p data-start=\"4486\" data-end=\"4592\"><strong data-start=\"4486\" data-end=\"4525\">2. Kann Purelief Schmerzen lindern?<\/strong><br data-start=\"4525\" data-end=\"4528\" \/>Ja, viele berichten von weniger Verspannungen und Beschwerden.<\/p>\r\n<p data-start=\"4594\" data-end=\"4672\"><strong data-start=\"4594\" data-end=\"4631\">3. Wie einfach ist die Anwendung?<\/strong><br data-start=\"4631\" data-end=\"4634\" \/>Sehr einfach \u2013 Clip ans Ohr, fertig.<\/p>\r\n<p data-start=\"4674\" data-end=\"4741\"><strong data-start=\"4674\" data-end=\"4701\">4. Braucht man Zubeh\u00f6r?<\/strong><br data-start=\"4701\" data-end=\"4704\" \/>Nein, Purelief funktioniert allein.<\/p>\r\n<p data-start=\"4674\" data-end=\"4741\"><a href=\"https:\/\/dr-sabine-volland.de\/praxis\/go\/purelief\"><strong>\ud83d\uded2 Bestelle Purelief hier &amp; spare satte 70 %!<\/strong><\/a><\/p>\r\n<p data-start=\"4743\" data-end=\"4835\"><strong data-start=\"4743\" data-end=\"4777\">5. Wie lange h\u00e4lt die Wirkung?<\/strong><br data-start=\"4777\" data-end=\"4780\" \/>Das ist individuell, viele sp\u00fcren anhaltende Effekte.<\/p>\r\n<p data-start=\"4837\" data-end=\"4934\"><strong data-start=\"4837\" data-end=\"4878\">6. Gibt es wissenschaftliche Studien?<\/strong><br data-start=\"4878\" data-end=\"4881\" \/>Es basiert auf Akupressur, einer bew\u00e4hrten Methode.<\/p>\r\n<p data-start=\"4936\" data-end=\"5010\"><strong data-start=\"4936\" data-end=\"4976\">7. Ist Purelief f\u00fcr Reisen geeignet?<\/strong><br data-start=\"4976\" data-end=\"4979\" \/>Ja, es ist klein und tragbar.<\/p>\r\n<p data-start=\"5012\" data-end=\"5092\"><strong data-start=\"5012\" data-end=\"5053\">8. Kann man es bei der Arbeit tragen?<\/strong><br data-start=\"5053\" data-end=\"5056\" \/>Ja, es ist unauff\u00e4llig und bequem.<\/p>\r\n<p data-start=\"5094\" data-end=\"5162\"><strong data-start=\"5094\" data-end=\"5131\">9. Wird es in Drogerien verkauft?<\/strong><br data-start=\"5131\" data-end=\"5134\" \/>Nein, nur beim Hersteller.<\/p>\r\n<p data-start=\"5164\" data-end=\"5239\"><strong data-start=\"5164\" data-end=\"5195\">10. Ist Purelief langlebig?<\/strong><br data-start=\"5195\" data-end=\"5198\" \/>Ja, es ist robust und wiederverwendbar.<\/p>\r\n<p data-start=\"5164\" data-end=\"5239\"><a href=\"https:\/\/dr-sabine-volland.de\/praxis\/go\/purelief\"><strong>\ud83d\uded2 Bestelle Purelief hier &amp; spare satte 70 %!<\/strong><\/a><\/p>\r\n<p data-start=\"1698\" data-end=\"1988\"><\/p>\r\n<p data-start=\"1626\" data-end=\"1842\"><\/p>\r\n\r\n<p data-start=\"2896\" data-end=\"2964\"><\/p>\r\n<p data-start=\"2838\" data-end=\"2890\"><\/p>\r\n\r\n<p data-start=\"2374\" data-end=\"2753\"><\/p>","protected":false},"excerpt":{"rendered":"<p>Purelief Bewertung Viele suchen nach einem einfachen Weg, Gewicht zu verlieren. Der Purelief Clip verspricht eine L\u00f6sung: Abnehmen ohne viel Aufwand. Es handelt sich um einen kleinen Akupressur-Clip, der Schmerzen lindern, Entspannung f\u00f6rdern und beim Abnehmen helfen soll. Ob das Ger\u00e4t wirklich h\u00e4lt, was es verspricht, kl\u00e4ren wir, indem wir Wissenschaft, Marketing und Risiken genau &#8230; <a title=\"Purelief Bewertung \u27a4 Betrug, Nebenwirkungen, funktioniert es?\" class=\"read-more\" href=\"https:\/\/dr-sabine-volland.de\/praxis\/product\/purelief\/\" aria-label=\"Mehr Informationen \u00fcber Purelief Bewertung \u27a4 Betrug, Nebenwirkungen, funktioniert es?\">Weiterlesen<\/a><\/p>\n","protected":false},"featured_media":79,"comment_status":"open","ping_status":"closed","template":"","meta":[],"product_brand":[],"product_cat":[16],"product_tag":[],"class_list":{"0":"post-78","1":"product","2":"type-product","3":"status-publish","4":"has-post-thumbnail","6":"product_cat-gewichtsverlust","8":"first","9":"instock","10":"sale","11":"shipping-taxable","12":"product-type-external"},"_links":{"self":[{"href":"https:\/\/dr-sabine-volland.de\/praxis\/wp-json\/wp\/v2\/product\/78","targetHints":{"allow":["GET"]}}],"collection":[{"href":"https:\/\/dr-sabine-volland.de\/praxis\/wp-json\/wp\/v2\/product"}],"about":[{"href":"https:\/\/dr-sabine-volland.de\/praxis\/wp-json\/wp\/v2\/types\/product"}],"replies":[{"embeddable":true,"href":"https:\/\/dr-sabine-volland.de\/praxis\/wp-json\/wp\/v2\/comments?post=78"}],"wp:featuredmedia":[{"embeddable":true,"href":"https:\/\/dr-sabine-volland.de\/praxis\/wp-json\/wp\/v2\/media\/79"}],"wp:attachment":[{"href":"https:\/\/dr-sabine-volland.de\/praxis\/wp-json\/wp\/v2\/media?parent=78"}],"wp:term":[{"taxonomy":"product_brand","embeddable":true,"href":"https:\/\/dr-sabine-volland.de\/praxis\/wp-json\/wp\/v2\/product_brand?post=78"},{"taxonomy":"product_cat","embeddable":true,"href":"https:\/\/dr-sabine-volland.de\/praxis\/wp-json\/wp\/v2\/product_cat?post=78"},{"taxonomy":"product_tag","embeddable":true,"href":"https:\/\/dr-sabine-volland.de\/praxis\/wp-json\/wp\/v2\/product_tag?post=78"}],"curies":[{"name":"wp","href":"https:\/\/api.w.org\/{rel}","templated":true}]}}