{"id":163,"date":"2026-04-29T08:18:53","date_gmt":"2026-04-29T08:18:53","guid":{"rendered":"https:\/\/dr-sabine-volland.de\/praxis\/?post_type=product&#038;p=163"},"modified":"2026-04-29T18:17:56","modified_gmt":"2026-04-29T18:17:56","slug":"fungexin-bewertungen-warnungen-erfahrungen-nebenwirkungen-wirkt-es","status":"publish","type":"product","link":"https:\/\/dr-sabine-volland.de\/praxis\/product\/fungexin-bewertungen-warnungen-erfahrungen-nebenwirkungen-wirkt-es\/","title":{"rendered":"Fungexin Bewertungen {Warnungen}: Erfahrungen, Nebenwirkungen \u2013 Wirkt es?"},"content":{"rendered":"<h2><strong>Fungexin Bewertungen<\/strong><\/h2>\n<section class=\"text-token-text-primary w-full focus:outline-none [--shadow-height:45px] has-data-writing-block:pointer-events-none has-data-writing-block:-mt-(--shadow-height) has-data-writing-block:pt-(--shadow-height) [&amp;:has([data-writing-block])&gt;*]:pointer-events-auto [content-visibility:auto] supports-[content-visibility:auto]:[contain-intrinsic-size:auto_100lvh] R6Vx5W_threadScrollVars scroll-mb-[calc(var(--scroll-root-safe-area-inset-bottom,0px)+var(--thread-response-height))] scroll-mt-[calc(var(--header-height)+min(200px,max(70px,20svh)))]\" dir=\"auto\" data-turn-id=\"request-WEB:8dd08acd-957a-41e1-90d9-0134c646706f-13\" data-testid=\"conversation-turn-2\" data-scroll-anchor=\"false\" data-turn=\"assistant\">\n<div class=\"text-base my-auto mx-auto pb-10 [--thread-content-margin:var(--thread-content-margin-xs,calc(var(--spacing)*4))] @w-sm\/main:[--thread-content-margin:var(--thread-content-margin-sm,calc(var(--spacing)*6))] @w-lg\/main:[--thread-content-margin:var(--thread-content-margin-lg,calc(var(--spacing)*16))] px-(--thread-content-margin)\">\n<div class=\"[--thread-content-max-width:40rem] @w-lg\/main:[--thread-content-max-width:48rem] mx-auto max-w-(--thread-content-max-width) flex-1 group\/turn-messages focus-visible:outline-hidden relative flex w-full min-w-0 flex-col agent-turn\">\n<div class=\"flex max-w-full flex-col gap-4 grow AIPRM__conversation__response sm:AIPRM__conversation__response AIPRM__relative\">\n<div class=\"min-h-8 text-message relative flex w-full flex-col items-end gap-2 text-start break-words whitespace-normal outline-none keyboard-focused:focus-ring [.text-message+&amp;]:mt-1\" dir=\"auto\" tabindex=\"0\" data-message-author-role=\"assistant\" data-message-id=\"817ed8c5-3a02-4973-88b2-7fcd9523f1a1\" data-message-model-slug=\"gpt-5-3\" data-turn-start-message=\"true\">\n<div class=\"flex w-full flex-col gap-1 empty:hidden\">\n<div class=\"markdown prose dark:prose-invert w-full wrap-break-word light markdown-new-styling\">\n<p data-start=\"1684\" data-end=\"1946\">Viele Leute achten nicht sofort auf ihre Fu\u00df- und Nagelpflege. Erst wenn Probleme sichtbar werden, k\u00fcmmern sie sich darum. N\u00e4gel k\u00f6nnen dicker oder verf\u00e4rbt sein. Die Haut kann sich trocken oder unangenehm anf\u00fchlen. Dann ist eine regelm\u00e4\u00dfige Pflege sehr wichtig.<\/p>\n<p data-start=\"1948\" data-end=\"2246\">Fungexin ist ein Anti-Pilz-Gel f\u00fcr F\u00fc\u00dfe. Es wurde speziell f\u00fcr die Haut und N\u00e4gel entwickelt. Das Gel ist leicht und l\u00e4sst sich gut auftragen. Es zieht schnell ein und hinterl\u00e4sst keinen Fettfilm. Deshalb ist es ideal f\u00fcr den t\u00e4glichen Gebrauch. Die F\u00fc\u00dfe f\u00fchlen sich sauber, gepflegt und frisch an.<\/p>\n<h3 data-section-id=\"mnscz6\" data-start=\"2248\" data-end=\"2289\">Wann sollte man Fungexin verwenden?<\/h3>\n<p data-start=\"2290\" data-end=\"2474\">Fungexin wird f\u00fcr die Pflege von Haut und N\u00e4geln genutzt. Es hilft, wenn die Haut aus dem Gleichgewicht ist. Zum Beispiel bei einem schlechten Hautgef\u00fchl oder bei ver\u00e4nderten N\u00e4geln.<\/p>\n<p data-start=\"2476\" data-end=\"2747\">Das Gel unterst\u00fctzt die t\u00e4gliche Hygiene. Es hilft auch, die nat\u00fcrliche Schutzfunktion der Haut zu erhalten. Viele Menschen nutzen es, um ihre Fu\u00dfpflege zu verbessern und das Aussehen der N\u00e4gel zu versch\u00f6nern. Gleichzeitig sorgt es f\u00fcr ein angenehmes Gef\u00fchl auf der Haut.<\/p>\n<h3 data-section-id=\"jkrbze\" data-start=\"2749\" data-end=\"2782\">Wer kann Fungexin benutzen?<\/h3>\n<p data-start=\"2783\" data-end=\"2899\">Fungexin ist f\u00fcr Erwachsene geeignet, die ihre Fu\u00dfpflege verbessern m\u00f6chten. Es ist besonders gut f\u00fcr Personen, die:<\/p>\n<ul data-start=\"2901\" data-end=\"3076\">\n<li data-section-id=\"iuuluh\" data-start=\"2901\" data-end=\"2944\">gepflegte F\u00fc\u00dfe und N\u00e4gel wichtig finden<\/li>\n<li data-section-id=\"1kcf8xs\" data-start=\"2945\" data-end=\"2988\">ihre t\u00e4gliche Pflege verst\u00e4rken m\u00f6chten<\/li>\n<li data-section-id=\"vqrrz6\" data-start=\"2989\" data-end=\"3032\">fr\u00fch auf Ver\u00e4nderungen reagieren wollen<\/li>\n<li data-section-id=\"c6xohb\" data-start=\"3033\" data-end=\"3076\">ein praktisches und leichtes Gel suchen<\/li>\n<\/ul>\n<p data-start=\"3078\" data-end=\"3231\" data-is-last-node=\"\" data-is-only-node=\"\">Das Produkt passt gut f\u00fcr aktive Menschen, die viel laufen oder stehen. Es ist auch geeignet f\u00fcr Personen mit trockener oder sensibler Haut an den F\u00fc\u00dfen.<\/p>\n<div class=\"flex max-w-full flex-col gap-4 grow AIPRM__conversation__response sm:AIPRM__conversation__response AIPRM__relative\">\n<div class=\"min-h-8 text-message relative flex w-full flex-col items-end gap-2 text-start break-words whitespace-normal outline-none keyboard-focused:focus-ring [.text-message+&amp;]:mt-1\" dir=\"auto\" tabindex=\"0\" data-message-author-role=\"assistant\" data-message-id=\"115a8435-c45b-489f-ad77-09f66809b9ee\" data-message-model-slug=\"gpt-5-3\" data-turn-start-message=\"true\">\n<div class=\"flex w-full flex-col gap-1 empty:hidden\">\n<div class=\"markdown prose dark:prose-invert w-full wrap-break-word light markdown-new-styling\">\n<h3 data-section-id=\"1trhk5w\" data-start=\"1094\" data-end=\"1115\">Zusammensetzung<\/h3>\n<p data-start=\"1116\" data-end=\"1245\">Fungexin besteht aus ausgew\u00e4hlten pflanzlichen Extrakten und pflegenden Stoffen. Diese sind speziell f\u00fcr Haut und N\u00e4gel geeignet:<\/p>\n<ul data-start=\"1247\" data-end=\"1465\">\n<li data-section-id=\"1pzqoyz\" data-start=\"1247\" data-end=\"1310\">Aqua dient als Basis und sorgt f\u00fcr eine leichte Gelstruktur<\/li>\n<li data-section-id=\"a1iiov\" data-start=\"1311\" data-end=\"1339\">Agastache rugosa Extrakt<\/li>\n<li data-section-id=\"1l87ch8\" data-start=\"1340\" data-end=\"1381\">Astragalus membranaceus Wurzelextrakt<\/li>\n<li data-section-id=\"1qoh1x5\" data-start=\"1382\" data-end=\"1405\">Menthol f\u00fcr Frische<\/li>\n<li data-section-id=\"10xmz5a\" data-start=\"1406\" data-end=\"1440\">Thymol mit reinigender Wirkung<\/li>\n<li data-section-id=\"14u1rw2\" data-start=\"1441\" data-end=\"1465\">Rizinus\u00f6l zur Pflege<\/li>\n<\/ul>\n<p data-start=\"1467\" data-end=\"1576\">Die Kombination macht das Gel angenehm in der Anwendung. Es zieht schnell ein und f\u00fchlt sich nicht fettig an.<\/p>\n<h3 data-section-id=\"rt0ma9\" data-start=\"1578\" data-end=\"1603\">Wie wirkt Fungexin?<\/h3>\n<p data-start=\"1604\" data-end=\"1724\">Fungexin unterst\u00fctzt die Pflege von Haut und N\u00e4geln. Es hilft, ein sauberes und ausgeglichenes Hautgef\u00fchl zu schaffen.<\/p>\n<p data-start=\"1726\" data-end=\"1908\">Die pflanzlichen Extrakte st\u00e4rken die nat\u00fcrliche Funktion der Haut. Menthol sorgt f\u00fcr einen k\u00fchlenden Effekt und ein frisches Gef\u00fchl. Thymol hilft dabei, die Haut sauber zu halten.<\/p>\n<p data-start=\"1910\" data-end=\"2094\" data-is-last-node=\"\" data-is-only-node=\"\">Rizinus\u00f6l pflegt intensiv und macht Haut und N\u00e4gel geschmeidig. Zusammen bilden die Inhaltsstoffe eine gute Pflege f\u00fcr die t\u00e4gliche Fu\u00dfhygiene und helfen, die Hautbarriere zu sch\u00fctzen.<\/p>\n<section class=\"text-token-text-primary w-full focus:outline-none [--shadow-height:45px] has-data-writing-block:pointer-events-none has-data-writing-block:-mt-(--shadow-height) has-data-writing-block:pt-(--shadow-height) [&amp;:has([data-writing-block])&gt;*]:pointer-events-auto [content-visibility:auto] supports-[content-visibility:auto]:[contain-intrinsic-size:auto_100lvh] R6Vx5W_threadScrollVars scroll-mb-[calc(var(--scroll-root-safe-area-inset-bottom,0px)+var(--thread-response-height))] scroll-mt-[calc(var(--header-height)+min(200px,max(70px,20svh)))]\" dir=\"auto\" data-turn-id=\"request-WEB:8dd08acd-957a-41e1-90d9-0134c646706f-15\" data-testid=\"conversation-turn-6\" data-scroll-anchor=\"false\" data-turn=\"assistant\">\n<div class=\"text-base my-auto mx-auto pb-10 [--thread-content-margin:var(--thread-content-margin-xs,calc(var(--spacing)*4))] @w-sm\/main:[--thread-content-margin:var(--thread-content-margin-sm,calc(var(--spacing)*6))] @w-lg\/main:[--thread-content-margin:var(--thread-content-margin-lg,calc(var(--spacing)*16))] px-(--thread-content-margin)\">\n<div class=\"[--thread-content-max-width:40rem] @w-lg\/main:[--thread-content-max-width:48rem] mx-auto max-w-(--thread-content-max-width) flex-1 group\/turn-messages focus-visible:outline-hidden relative flex w-full min-w-0 flex-col agent-turn\">\n<div class=\"flex max-w-full flex-col gap-4 grow AIPRM__conversation__response sm:AIPRM__conversation__response AIPRM__relative\">\n<div class=\"min-h-8 text-message relative flex w-full flex-col items-end gap-2 text-start break-words whitespace-normal outline-none keyboard-focused:focus-ring [.text-message+&amp;]:mt-1\" dir=\"auto\" tabindex=\"0\" data-message-author-role=\"assistant\" data-message-id=\"f02b1b6e-36e2-4b01-a20e-224e37674ba7\" data-message-model-slug=\"gpt-5-3\" data-turn-start-message=\"true\">\n<div class=\"flex w-full flex-col gap-1 empty:hidden\">\n<div class=\"markdown prose dark:prose-invert w-full wrap-break-word light markdown-new-styling\">\n<h3 data-section-id=\"1050lk\" data-start=\"1318\" data-end=\"1347\">Anwendung und Dosierung<\/h3>\n<p data-start=\"1348\" data-end=\"1420\">Fungexin wird auf die betroffenen Haut- oder Nagelstellen aufgetragen.<\/p>\n<ul data-start=\"1422\" data-end=\"1604\">\n<li data-section-id=\"b377w\" data-start=\"1422\" data-end=\"1472\">Zweimal t\u00e4glich verwenden (morgens und abends)<\/li>\n<li data-section-id=\"omxfq7\" data-start=\"1473\" data-end=\"1544\">Eine kleine Menge auf gereinigte und trockene Haut oder N\u00e4gel geben<\/li>\n<li data-section-id=\"gi9ivq\" data-start=\"1545\" data-end=\"1604\">Sanft einreiben, bis das Gel vollst\u00e4ndig eingezogen ist<\/li>\n<\/ul>\n<p data-start=\"1606\" data-end=\"1774\">F\u00fcr beste Ergebnisse sollte das Gel regelm\u00e4\u00dfig und \u00fcber einen l\u00e4ngeren Zeitraum genutzt werden. Eine saubere und trockene Haut hilft, die Wirkstoffe besser aufzunehmen.<\/p>\n<h3 data-section-id=\"19h0wy5\" data-start=\"1776\" data-end=\"1818\">Gegenanzeigen und Vorsichtsma\u00dfnahmen<\/h3>\n<p data-start=\"1819\" data-end=\"1872\">Fungexin ist nur zur \u00e4u\u00dferlichen Anwendung gedacht.<\/p>\n<ul data-start=\"1874\" data-end=\"2054\">\n<li data-section-id=\"1fkj1qv\" data-start=\"1874\" data-end=\"1945\">Nicht verwenden, wenn eine Allergie gegen Inhaltsstoffe bekannt ist<\/li>\n<li data-section-id=\"q3vj43\" data-start=\"1946\" data-end=\"1995\">Kontakt mit Augen und Schleimh\u00e4uten vermeiden<\/li>\n<li data-section-id=\"575wcu\" data-start=\"1996\" data-end=\"2054\">Bei Augenkontakt sofort gr\u00fcndlich mit Wasser aussp\u00fclen<\/li>\n<\/ul>\n<p data-start=\"2056\" data-end=\"2167\">Bei Hautkrankheiten oder offenen Wunden sollte vor der Anwendung ein Arzt oder Apotheker um Rat gefragt werden.<\/p>\n<h3 data-section-id=\"81135t\" data-start=\"2169\" data-end=\"2204\">Nebenwirkungen und Reaktionen<\/h3>\n<p data-start=\"2205\" data-end=\"2249\">Fungexin ist in der Regel gut vertr\u00e4glich.<\/p>\n<ul data-start=\"2251\" data-end=\"2422\">\n<li data-section-id=\"16mtaao\" data-start=\"2251\" data-end=\"2309\">In seltenen F\u00e4llen k\u00f6nnen leichte Reaktionen auftreten<\/li>\n<li data-section-id=\"1bwao4b\" data-start=\"2310\" data-end=\"2365\">Dazu geh\u00f6ren R\u00f6tung, leichtes Brennen oder Kribbeln<\/li>\n<li data-section-id=\"1bv7hl\" data-start=\"2366\" data-end=\"2422\">Besonders empfindliche Haut kann schneller reagieren<\/li>\n<\/ul>\n<p data-start=\"2424\" data-end=\"2664\" data-is-last-node=\"\" data-is-only-node=\"\">Diese Beschwerden sind meist nur kurz und verschwinden von selbst. Es wird empfohlen, das Gel zuerst auf einer kleinen Hautstelle zu testen. Wenn die Beschwerden l\u00e4nger bleiben, sollte die Anwendung gestoppt und ein Arzt konsultiert werden.<\/p>\n<section class=\"text-token-text-primary w-full focus:outline-none [--shadow-height:45px] has-data-writing-block:pointer-events-none has-data-writing-block:-mt-(--shadow-height) has-data-writing-block:pt-(--shadow-height) [&amp;:has([data-writing-block])&gt;*]:pointer-events-auto [content-visibility:auto] supports-[content-visibility:auto]:[contain-intrinsic-size:auto_100lvh] R6Vx5W_threadScrollVars scroll-mb-[calc(var(--scroll-root-safe-area-inset-bottom,0px)+var(--thread-response-height))] scroll-mt-[calc(var(--header-height)+min(200px,max(70px,20svh)))]\" dir=\"auto\" data-turn-id=\"request-WEB:8dd08acd-957a-41e1-90d9-0134c646706f-16\" data-testid=\"conversation-turn-8\" data-scroll-anchor=\"false\" data-turn=\"assistant\">\n<div class=\"text-base my-auto mx-auto pb-10 [--thread-content-margin:var(--thread-content-margin-xs,calc(var(--spacing)*4))] @w-sm\/main:[--thread-content-margin:var(--thread-content-margin-sm,calc(var(--spacing)*6))] @w-lg\/main:[--thread-content-margin:var(--thread-content-margin-lg,calc(var(--spacing)*16))] px-(--thread-content-margin)\">\n<div class=\"[--thread-content-max-width:40rem] @w-lg\/main:[--thread-content-max-width:48rem] mx-auto max-w-(--thread-content-max-width) flex-1 group\/turn-messages focus-visible:outline-hidden relative flex w-full min-w-0 flex-col agent-turn\">\n<div class=\"flex max-w-full flex-col gap-4 grow AIPRM__conversation__response sm:AIPRM__conversation__response AIPRM__relative\">\n<div class=\"min-h-8 text-message relative flex w-full flex-col items-end gap-2 text-start break-words whitespace-normal outline-none keyboard-focused:focus-ring [.text-message+&amp;]:mt-1\" dir=\"auto\" tabindex=\"0\" data-message-author-role=\"assistant\" data-message-id=\"e1a35f70-898f-460d-a352-605808a77724\" data-message-model-slug=\"gpt-5-3\" data-turn-start-message=\"true\">\n<div class=\"flex w-full flex-col gap-1 empty:hidden\">\n<div class=\"markdown prose dark:prose-invert w-full wrap-break-word light markdown-new-styling\">\n<h3 data-section-id=\"1dp3pcl\" data-start=\"1223\" data-end=\"1245\">Produktwirkungen<\/h3>\n<p data-start=\"1246\" data-end=\"1314\">Bei regelm\u00e4\u00dfiger Nutzung kann Fungexin verschiedene Vorteile bieten:<\/p>\n<ul data-start=\"1316\" data-end=\"1623\">\n<li data-section-id=\"vcitg2\" data-start=\"1316\" data-end=\"1371\">Unterst\u00fctzt die t\u00e4gliche Pflege von Haut und N\u00e4geln<\/li>\n<li data-section-id=\"hg0zvn\" data-start=\"1372\" data-end=\"1422\">Sorgt f\u00fcr ein sauberes und frisches Hautgef\u00fchl<\/li>\n<li data-section-id=\"n3hq0x\" data-start=\"1423\" data-end=\"1480\">Kann das \u00e4u\u00dfere Erscheinungsbild der N\u00e4gel verbessern<\/li>\n<li data-section-id=\"1frhu81\" data-start=\"1481\" data-end=\"1530\">Hilft, die nat\u00fcrliche Hautbalance zu erhalten<\/li>\n<li data-section-id=\"17cb4gk\" data-start=\"1531\" data-end=\"1583\">Hinterl\u00e4sst ein gepflegtes und angenehmes Gef\u00fchl<\/li>\n<li data-section-id=\"1lhxmsa\" data-start=\"1584\" data-end=\"1623\">Vereinfacht die t\u00e4gliche Fu\u00dfhygiene<\/li>\n<\/ul>\n<p data-start=\"1625\" data-end=\"1757\">Die Kombination aus pflanzlichen Extrakten und pflegenden \u00d6len macht das Gel zu einer guten Erg\u00e4nzung f\u00fcr die t\u00e4gliche K\u00f6rperpflege.<\/p>\n<h3 data-section-id=\"1p2qye6\" data-start=\"1759\" data-end=\"1799\">Bewertungen und Erfahrungsberichte<\/h3>\n<p data-start=\"1800\" data-end=\"1965\">Viele Anwender berichten \u00fcber positive Erfahrungen mit Fungexin. Das Gel l\u00e4sst sich leicht in die t\u00e4gliche Pflege einbauen und wirkt schnell angenehm auf der Haut.<\/p>\n<p data-start=\"1967\" data-end=\"2103\">Besonders gesch\u00e4tzt werden die schnelle Aufnahme und die nicht fettende Textur. Auch das k\u00fchlende und frische Gef\u00fchl wird oft erw\u00e4hnt.<\/p>\n<p data-start=\"2105\" data-end=\"2291\">Einige Nutzer sagen, dass sich das Aussehen ihrer N\u00e4gel nach mehreren Wochen regelm\u00e4\u00dfiger Anwendung verbessert hat. Insgesamt wird die Fu\u00dfpflege als einfacher und angenehmer beschrieben.<\/p>\n<h3 data-section-id=\"1e2y53b\" data-start=\"2293\" data-end=\"2307\">Lagerung<\/h3>\n<p data-start=\"2308\" data-end=\"2368\">Fungexin sollte unter passenden Bedingungen gelagert werden:<\/p>\n<ul data-start=\"2370\" data-end=\"2553\">\n<li data-section-id=\"y6ggd8\" data-start=\"2370\" data-end=\"2422\">Bei Raumtemperatur, trocken und k\u00fchl aufbewahren<\/li>\n<li data-section-id=\"rxju89\" data-start=\"2423\" data-end=\"2467\">Vor direkter Sonneneinstrahlung sch\u00fctzen<\/li>\n<li data-section-id=\"rcgfi4\" data-start=\"2468\" data-end=\"2502\">F\u00fcr Kinder unzug\u00e4nglich lagern<\/li>\n<li data-section-id=\"1u44v5q\" data-start=\"2503\" data-end=\"2553\">Die Tube nach jeder Anwendung gut verschlie\u00dfen<\/li>\n<\/ul>\n<p data-start=\"2555\" data-end=\"2622\" data-is-last-node=\"\" data-is-only-node=\"\">So bleiben die Inhaltsstoffe wirksam und das Produkt lange haltbar.<\/p>\n<\/div>\n<\/div>\n<\/div>\n<\/div>\n<\/div>\n<\/div>\n<\/section>\n<\/div>\n<\/div>\n<\/div>\n<\/div>\n<\/div>\n<\/div>\n<\/section>\n<\/div>\n<\/div>\n<\/div>\n<\/div>\n<\/div>\n<\/div>\n<\/div>\n<\/div>\n<\/div>\n<\/div>\n<\/section>\n<p><a href=\"https:\/\/www.premierdiscountlink.com\/3Q3GGQ7\/HRHNN7H\/?sub1=dr-sabine-volland\" target=\"_blank\" rel=\"noopener\"><\/p>\n<div style=\"position:fixed;bottom:0;left:0;width:100%;height: auto; background:#000585;border-top:1px solid #333;box-shadow:0 -4px 15px rgba(0,0,0,0.4);z-index:99999;font-family:Arial,sans-serif;\">\n<div style=\"max-width:1200px;margin:0 auto;padding:12px 16px;display:flex;align-items:center;justify-content:center;gap:14px;flex-wrap:wrap;text-align:center;\">\n<p>    <span style=\"background:#ffd700;color:#111;padding:4px 8px;border-radius:4px;font-size:12px;font-weight:700;\">ANGEBOT<\/span><\/p>\n<p>    <span style=\"font-size:18px;font-weight:700;color:#fff;\">Fungexin<\/span><\/p>\n<p>    <span style=\"font-size:14px;color:#bbb;text-decoration:line-through;\">79,95\u20ac<\/span><\/p>\n<p>    <span style=\"font-size:22px;font-weight:800;color:#ffd700;\">19,95\u20ac<\/span><\/p>\n<p>    <span   style=\"background:#ffd700;color:#111;text-decoration:none;padding:12px 20px;border-radius:6px;font-size:14px;font-weight:700;\">Jetzt bestellen<\/span><\/p><\/div>\n","protected":false},"excerpt":{"rendered":"<p>Fungexin Bewertungen Viele Leute achten nicht sofort auf ihre Fu\u00df- und Nagelpflege. Erst wenn Probleme sichtbar werden, k\u00fcmmern sie sich darum. N\u00e4gel k\u00f6nnen dicker oder verf\u00e4rbt sein. Die Haut kann sich trocken oder unangenehm anf\u00fchlen. Dann ist eine regelm\u00e4\u00dfige Pflege sehr wichtig. Fungexin ist ein Anti-Pilz-Gel f\u00fcr F\u00fc\u00dfe. Es wurde speziell f\u00fcr die Haut und &#8230; <a title=\"Fungexin Bewertungen {Warnungen}: Erfahrungen, Nebenwirkungen \u2013 Wirkt es?\" class=\"read-more\" href=\"https:\/\/dr-sabine-volland.de\/praxis\/product\/fungexin-bewertungen-warnungen-erfahrungen-nebenwirkungen-wirkt-es\/\" aria-label=\"Mehr Informationen \u00fcber Fungexin Bewertungen {Warnungen}: Erfahrungen, Nebenwirkungen \u2013 Wirkt es?\">Weiterlesen<\/a><\/p>\n","protected":false},"featured_media":164,"comment_status":"open","ping_status":"closed","template":"","meta":[],"product_brand":[],"product_cat":[16],"product_tag":[],"class_list":{"0":"post-163","1":"product","2":"type-product","3":"status-publish","4":"has-post-thumbnail","6":"product_cat-gewichtsverlust","8":"first","9":"instock","10":"sale","11":"shipping-taxable","12":"product-type-external"},"_links":{"self":[{"href":"https:\/\/dr-sabine-volland.de\/praxis\/wp-json\/wp\/v2\/product\/163","targetHints":{"allow":["GET"]}}],"collection":[{"href":"https:\/\/dr-sabine-volland.de\/praxis\/wp-json\/wp\/v2\/product"}],"about":[{"href":"https:\/\/dr-sabine-volland.de\/praxis\/wp-json\/wp\/v2\/types\/product"}],"replies":[{"embeddable":true,"href":"https:\/\/dr-sabine-volland.de\/praxis\/wp-json\/wp\/v2\/comments?post=163"}],"wp:featuredmedia":[{"embeddable":true,"href":"https:\/\/dr-sabine-volland.de\/praxis\/wp-json\/wp\/v2\/media\/164"}],"wp:attachment":[{"href":"https:\/\/dr-sabine-volland.de\/praxis\/wp-json\/wp\/v2\/media?parent=163"}],"wp:term":[{"taxonomy":"product_brand","embeddable":true,"href":"https:\/\/dr-sabine-volland.de\/praxis\/wp-json\/wp\/v2\/product_brand?post=163"},{"taxonomy":"product_cat","embeddable":true,"href":"https:\/\/dr-sabine-volland.de\/praxis\/wp-json\/wp\/v2\/product_cat?post=163"},{"taxonomy":"product_tag","embeddable":true,"href":"https:\/\/dr-sabine-volland.de\/praxis\/wp-json\/wp\/v2\/product_tag?post=163"}],"curies":[{"name":"wp","href":"https:\/\/api.w.org\/{rel}","templated":true}]}}